{"id":399,"date":"2024-11-19T16:06:04","date_gmt":"2024-11-19T16:06:04","guid":{"rendered":"https:\/\/damadianserviciodesalud.com\/?page_id=399"},"modified":"2024-11-19T17:06:28","modified_gmt":"2024-11-19T17:06:28","slug":"servicios-de-radiologia","status":"publish","type":"page","link":"https:\/\/damadianserviciodesalud.com\/?page_id=399","title":{"rendered":"SERVICIOS DE RADIOLOG\u00cdA"},"content":{"rendered":"\t\t<div data-elementor-type=\"wp-page\" data-elementor-id=\"399\" class=\"elementor elementor-399\">\n\t\t\t\t<div class=\"elementor-element elementor-element-6eb6a9c e-flex e-con-boxed e-con e-parent\" data-id=\"6eb6a9c\" data-element_type=\"container\">\n\t\t\t\t\t<div class=\"e-con-inner\">\n\t\t\t\t<div class=\"elementor-element elementor-element-52ac31d elementor-widget elementor-widget-heading\" data-id=\"52ac31d\" data-element_type=\"widget\" data-widget_type=\"heading.default\">\n\t\t\t\t<div class=\"elementor-widget-container\">\n\t\t\t<h2 class=\"elementor-heading-title elementor-size-default\">RAYOS X<\/h2>\t\t<\/div>\n\t\t\t\t<\/div>\n\t\t\t\t\t<\/div>\n\t\t\t\t<\/div>\n\t\t<div class=\"elementor-element elementor-element-5728fc8 e-flex e-con-boxed e-con e-parent\" data-id=\"5728fc8\" data-element_type=\"container\">\n\t\t\t\t\t<div class=\"e-con-inner\">\n\t\t\t\t<div class=\"elementor-element elementor-element-556c27e elementor-widget elementor-widget-spacer\" data-id=\"556c27e\" data-element_type=\"widget\" data-widget_type=\"spacer.default\">\n\t\t\t\t<div class=\"elementor-widget-container\">\n\t\t\t\t\t<div class=\"elementor-spacer\">\n\t\t\t<div class=\"elementor-spacer-inner\"><\/div>\n\t\t<\/div>\n\t\t\t\t<\/div>\n\t\t\t\t<\/div>\n\t\t\t\t\t<\/div>\n\t\t\t\t<\/div>\n\t\t<div class=\"elementor-element elementor-element-d88834b e-flex e-con-boxed e-con e-parent\" data-id=\"d88834b\" data-element_type=\"container\">\n\t\t\t\t\t<div class=\"e-con-inner\">\n\t\t<div class=\"elementor-element elementor-element-98e03e5 e-con-full e-flex e-con e-child\" data-id=\"98e03e5\" data-element_type=\"container\">\n\t\t\t\t<div class=\"elementor-element elementor-element-5b85941 elementor-widget elementor-widget-text-editor\" data-id=\"5b85941\" data-element_type=\"widget\" data-widget_type=\"text-editor.default\">\n\t\t\t\t<div class=\"elementor-widget-container\">\n\t\t\t\t\t\t\t<div><div><p><strong>CABEZA<\/strong><\/p><div><div><p>-RX CR\u00c1NEO AP Y LATERAL<\/p><\/div><div><p>-RX CR\u00c1NEO POSTERO ANTERIOR<\/p><\/div><div><p>-RX SENOS PARANASALES<\/p><\/div><div><p>-RX CADWEL<\/p><\/div><div><p>RX WATERS<\/p><\/div><div><p>-RX HUESOS PROPIOS NARIZ AP Y LATERAL<\/p><\/div><div><p>-RX MAXILAR AP Y LATERAL<\/p><\/div><\/div><\/div><\/div>\t\t\t\t\t\t<\/div>\n\t\t\t\t<\/div>\n\t\t\t\t<\/div>\n\t\t<div class=\"elementor-element elementor-element-995d23b e-con-full e-flex e-con e-child\" data-id=\"995d23b\" data-element_type=\"container\">\n\t\t\t\t<div class=\"elementor-element elementor-element-2e064af elementor-widget elementor-widget-text-editor\" data-id=\"2e064af\" data-element_type=\"widget\" data-widget_type=\"text-editor.default\">\n\t\t\t\t<div class=\"elementor-widget-container\">\n\t\t\t\t\t\t\t<div><div><p><strong>COLUMNA CERVICAL<\/strong><\/p><div><div><p>-RX COLUMNA CERVICAL AP Y LATERAL<\/p><\/div><div><p>-RX UNI\u00d3N CRANEOCERVICAL ( ATLANTO AXOIDEA)<\/p><\/div><div><p>-RX CERVICAL DINAMICA ( FLEXI\u00d3N)<\/p><\/div><div><p>-RX CERVICAL DIN\u00c1MICA ( EXTENSI\u00d3N)<\/p><\/div><div><p>-RX COLUMNA CERVICAL FUNCIONAL TRES TOMAS<\/p><\/div><\/div><\/div><\/div>\t\t\t\t\t\t<\/div>\n\t\t\t\t<\/div>\n\t\t\t\t<\/div>\n\t\t<div class=\"elementor-element elementor-element-29e9385 e-con-full e-flex e-con e-child\" data-id=\"29e9385\" data-element_type=\"container\">\n\t\t\t\t<div class=\"elementor-element elementor-element-fa99774 elementor-widget elementor-widget-text-editor\" data-id=\"fa99774\" data-element_type=\"widget\" data-widget_type=\"text-editor.default\">\n\t\t\t\t<div class=\"elementor-widget-container\">\n\t\t\t\t\t\t\t<div><div><p><strong>COLUMNA DORSAL<\/strong><\/p><div><div><p>-RX COLUMNA DORSAL AP Y LATERAL<\/p><\/div><div><p>-RX DORSAL DINAMICA ( FLEXI\u00d3N)<\/p><\/div><div><p>-RX DORSAL DIN\u00c1MICA ( EXTENSI\u00d3N)<\/p><\/div><div><p>-RX DORSAL CERVICAL FUNCIONAL TRES TOMAS<\/p><\/div><\/div><\/div><\/div>\t\t\t\t\t\t<\/div>\n\t\t\t\t<\/div>\n\t\t\t\t<\/div>\n\t\t<div class=\"elementor-element elementor-element-ba77a41 e-con-full e-flex e-con e-child\" data-id=\"ba77a41\" data-element_type=\"container\">\n\t\t\t\t<div class=\"elementor-element elementor-element-a4d1575 elementor-widget elementor-widget-text-editor\" data-id=\"a4d1575\" data-element_type=\"widget\" data-widget_type=\"text-editor.default\">\n\t\t\t\t<div class=\"elementor-widget-container\">\n\t\t\t\t\t\t\t<div><div style=\"line-height: 1.07917; direction: ltr; margin-left: 0px;\"><p><span style=\"font-size: 14.6667px; font-weight: bold; color: #000000; letter-spacing: 0em;\">COLUMNA LUMBAR<\/span><\/p><div><div><p>-RX COLUMNA LUMBAR AP Y LATERAL<\/p><\/div><div><p>-RX LUMBAR DINAMICA ( FLEXI\u00d3N)<\/p><\/div><div><p>-RX LUMBAR DIN\u00c1MICA ( EXTENSI\u00d3N)<\/p><\/div><div><p>-RX LUMBAR CERVICAL FUNCIONAL TRES TOMAS<\/p><\/div><\/div><\/div><\/div>\t\t\t\t\t\t<\/div>\n\t\t\t\t<\/div>\n\t\t\t\t<\/div>\n\t\t\t\t\t<\/div>\n\t\t\t\t<\/div>\n\t\t<div class=\"elementor-element elementor-element-c38e232 e-flex e-con-boxed e-con e-parent\" data-id=\"c38e232\" data-element_type=\"container\">\n\t\t\t\t\t<div class=\"e-con-inner\">\n\t\t\t\t<div class=\"elementor-element elementor-element-16abba6 elementor-widget elementor-widget-spacer\" data-id=\"16abba6\" data-element_type=\"widget\" data-widget_type=\"spacer.default\">\n\t\t\t\t<div class=\"elementor-widget-container\">\n\t\t\t\t\t<div class=\"elementor-spacer\">\n\t\t\t<div class=\"elementor-spacer-inner\"><\/div>\n\t\t<\/div>\n\t\t\t\t<\/div>\n\t\t\t\t<\/div>\n\t\t\t\t\t<\/div>\n\t\t\t\t<\/div>\n\t\t<div class=\"elementor-element elementor-element-8cbd0ef e-flex e-con-boxed e-con e-parent\" data-id=\"8cbd0ef\" data-element_type=\"container\">\n\t\t\t\t\t<div class=\"e-con-inner\">\n\t\t<div class=\"elementor-element elementor-element-d190329 e-con-full e-flex e-con e-child\" data-id=\"d190329\" data-element_type=\"container\">\n\t\t\t\t<div class=\"elementor-element elementor-element-63b967f elementor-widget elementor-widget-text-editor\" data-id=\"63b967f\" data-element_type=\"widget\" data-widget_type=\"text-editor.default\">\n\t\t\t\t<div class=\"elementor-widget-container\">\n\t\t\t\t\t\t\t<div><div><p><strong>CLAV\u00cdCULA<\/strong><\/p><div><div><p>-RX CLAV\u00cdCULA AP<\/p><\/div><\/div><p><strong>\u00a0<\/strong><\/p><\/div><\/div>\t\t\t\t\t\t<\/div>\n\t\t\t\t<\/div>\n\t\t\t\t<\/div>\n\t\t<div class=\"elementor-element elementor-element-8cf291a e-con-full e-flex e-con e-child\" data-id=\"8cf291a\" data-element_type=\"container\">\n\t\t\t\t<div class=\"elementor-element elementor-element-3523135 elementor-widget elementor-widget-text-editor\" data-id=\"3523135\" data-element_type=\"widget\" data-widget_type=\"text-editor.default\">\n\t\t\t\t<div class=\"elementor-widget-container\">\n\t\t\t\t\t\t\t<div><div><p><strong>ESTERN\u00d3N<\/strong><\/p><div><div><p>-RX ESTERN\u00d3N AP Y LATERAL<\/p><\/div><\/div><\/div><\/div>\t\t\t\t\t\t<\/div>\n\t\t\t\t<\/div>\n\t\t\t\t<\/div>\n\t\t<div class=\"elementor-element elementor-element-6af97e6 e-con-full e-flex e-con e-child\" data-id=\"6af97e6\" data-element_type=\"container\">\n\t\t\t\t<div class=\"elementor-element elementor-element-cb56155 elementor-widget elementor-widget-text-editor\" data-id=\"cb56155\" data-element_type=\"widget\" data-widget_type=\"text-editor.default\">\n\t\t\t\t<div class=\"elementor-widget-container\">\n\t\t\t\t\t\t\t<div><div><p><strong>OM\u00d3PLATO O ESC\u00c1PULA<\/strong><\/p><div><div><p>-RX OM\u00d3PLATO AP<\/p><\/div><div><p>-RX OM\u00d3PLATO LATERAL O EN Y<\/p><\/div><\/div><\/div><\/div>\t\t\t\t\t\t<\/div>\n\t\t\t\t<\/div>\n\t\t\t\t<\/div>\n\t\t<div class=\"elementor-element elementor-element-45a5374 e-con-full e-flex e-con e-child\" data-id=\"45a5374\" data-element_type=\"container\">\n\t\t\t\t<div class=\"elementor-element elementor-element-5e89b06 elementor-widget elementor-widget-text-editor\" data-id=\"5e89b06\" data-element_type=\"widget\" data-widget_type=\"text-editor.default\">\n\t\t\t\t<div class=\"elementor-widget-container\">\n\t\t\t\t\t\t\t<div><div><p><strong>H\u00daMERO<\/strong><\/p><div><div><p>-RX H\u00daMERO AP<\/p><\/div><div><p>-RX H\u00daMERO LATERAL<\/p><\/div><\/div><\/div><\/div>\t\t\t\t\t\t<\/div>\n\t\t\t\t<\/div>\n\t\t\t\t<\/div>\n\t\t\t\t\t<\/div>\n\t\t\t\t<\/div>\n\t\t<div class=\"elementor-element elementor-element-1b04e21 e-flex e-con-boxed e-con e-parent\" data-id=\"1b04e21\" data-element_type=\"container\">\n\t\t\t\t\t<div class=\"e-con-inner\">\n\t\t\t\t<div class=\"elementor-element elementor-element-cb03b49 elementor-widget elementor-widget-spacer\" data-id=\"cb03b49\" data-element_type=\"widget\" data-widget_type=\"spacer.default\">\n\t\t\t\t<div class=\"elementor-widget-container\">\n\t\t\t\t\t<div class=\"elementor-spacer\">\n\t\t\t<div class=\"elementor-spacer-inner\"><\/div>\n\t\t<\/div>\n\t\t\t\t<\/div>\n\t\t\t\t<\/div>\n\t\t\t\t\t<\/div>\n\t\t\t\t<\/div>\n\t\t<div class=\"elementor-element elementor-element-16afe93 e-flex e-con-boxed e-con e-parent\" data-id=\"16afe93\" data-element_type=\"container\">\n\t\t\t\t\t<div class=\"e-con-inner\">\n\t\t<div class=\"elementor-element elementor-element-87cfa2b e-con-full e-flex e-con e-child\" data-id=\"87cfa2b\" data-element_type=\"container\">\n\t\t\t\t<div class=\"elementor-element elementor-element-796d88b elementor-widget elementor-widget-text-editor\" data-id=\"796d88b\" data-element_type=\"widget\" data-widget_type=\"text-editor.default\">\n\t\t\t\t<div class=\"elementor-widget-container\">\n\t\t\t\t\t\t\t<div><div><p><strong>HOMBRO<\/strong><\/p><div><div><p>-RX HOMBRO AP NEUTRA<\/p><\/div><div><p>-RX HOMBRO LATERAL<\/p><\/div><div><p>-RX HOMBRO ROTACI\u00d3N EXTERNA<\/p><\/div><div><p>-RX HOMBRO ROTACI\u00d3N INTERNA<\/p><\/div><div><p>-RX HOMBRO AXIAL<\/p><\/div><\/div><\/div><\/div>\t\t\t\t\t\t<\/div>\n\t\t\t\t<\/div>\n\t\t\t\t<\/div>\n\t\t<div class=\"elementor-element elementor-element-5bff499 e-con-full e-flex e-con e-child\" data-id=\"5bff499\" data-element_type=\"container\">\n\t\t\t\t<div class=\"elementor-element elementor-element-bfb6f19 elementor-widget elementor-widget-text-editor\" data-id=\"bfb6f19\" data-element_type=\"widget\" data-widget_type=\"text-editor.default\">\n\t\t\t\t<div class=\"elementor-widget-container\">\n\t\t\t\t\t\t\t<div><div><p><strong>CODO<\/strong><\/p><div><div><p>RX CODO AP<\/p><\/div><div><p>RX CODO LATERAL<\/p><\/div><\/div><\/div><\/div>\t\t\t\t\t\t<\/div>\n\t\t\t\t<\/div>\n\t\t\t\t<\/div>\n\t\t<div class=\"elementor-element elementor-element-99b7bc8 e-con-full e-flex e-con e-child\" data-id=\"99b7bc8\" data-element_type=\"container\">\n\t\t\t\t<div class=\"elementor-element elementor-element-631d561 elementor-widget elementor-widget-text-editor\" data-id=\"631d561\" data-element_type=\"widget\" data-widget_type=\"text-editor.default\">\n\t\t\t\t<div class=\"elementor-widget-container\">\n\t\t\t\t\t\t\t<div><div><p><strong>ANTEBRAZO (CUBITO Y RADIO)<\/strong><\/p><div><div><p>-RX ANTEBRAZO AP<\/p><\/div><div><p>-RX ANTEBRAZO LATERAL<\/p><\/div><\/div><\/div><\/div>\t\t\t\t\t\t<\/div>\n\t\t\t\t<\/div>\n\t\t\t\t<\/div>\n\t\t<div class=\"elementor-element elementor-element-10d3d7a e-con-full e-flex e-con e-child\" data-id=\"10d3d7a\" data-element_type=\"container\">\n\t\t\t\t<div class=\"elementor-element elementor-element-df29da8 elementor-widget elementor-widget-text-editor\" data-id=\"df29da8\" data-element_type=\"widget\" data-widget_type=\"text-editor.default\">\n\t\t\t\t<div class=\"elementor-widget-container\">\n\t\t\t\t\t\t\t<div><div><p><strong>MU\u00d1ECA<\/strong><\/p><div><div><p>RX MU\u00d1ECA AP<\/p><\/div><div><p>RX MU\u00d1ECA LATERAL<\/p><\/div><\/div><\/div><\/div>\t\t\t\t\t\t<\/div>\n\t\t\t\t<\/div>\n\t\t\t\t<\/div>\n\t\t\t\t\t<\/div>\n\t\t\t\t<\/div>\n\t\t<div class=\"elementor-element elementor-element-f9d66db e-flex e-con-boxed e-con e-parent\" data-id=\"f9d66db\" data-element_type=\"container\">\n\t\t\t\t\t<div class=\"e-con-inner\">\n\t\t\t\t<div class=\"elementor-element elementor-element-47fb2f1 elementor-widget elementor-widget-spacer\" data-id=\"47fb2f1\" data-element_type=\"widget\" data-widget_type=\"spacer.default\">\n\t\t\t\t<div class=\"elementor-widget-container\">\n\t\t\t\t\t<div class=\"elementor-spacer\">\n\t\t\t<div class=\"elementor-spacer-inner\"><\/div>\n\t\t<\/div>\n\t\t\t\t<\/div>\n\t\t\t\t<\/div>\n\t\t\t\t\t<\/div>\n\t\t\t\t<\/div>\n\t\t<div class=\"elementor-element elementor-element-e45ad3c e-flex e-con-boxed e-con e-parent\" data-id=\"e45ad3c\" data-element_type=\"container\">\n\t\t\t\t\t<div class=\"e-con-inner\">\n\t\t<div class=\"elementor-element elementor-element-9c52527 e-con-full e-flex e-con e-child\" data-id=\"9c52527\" data-element_type=\"container\">\n\t\t\t\t<div class=\"elementor-element elementor-element-2808f23 elementor-widget elementor-widget-text-editor\" data-id=\"2808f23\" data-element_type=\"widget\" data-widget_type=\"text-editor.default\">\n\t\t\t\t<div class=\"elementor-widget-container\">\n\t\t\t\t\t\t\t<div><div><p><strong>MANO<\/strong><\/p><div><div><p>-RX MANO AP<\/p><\/div><div><p>-RX MANO LATERAL<\/p><\/div><div><p>-RX MANO OBLICUA<\/p><\/div><\/div><\/div><\/div>\t\t\t\t\t\t<\/div>\n\t\t\t\t<\/div>\n\t\t\t\t<\/div>\n\t\t<div class=\"elementor-element elementor-element-e484ad3 e-con-full e-flex e-con e-child\" data-id=\"e484ad3\" data-element_type=\"container\">\n\t\t\t\t<div class=\"elementor-element elementor-element-5cb3715 elementor-widget elementor-widget-text-editor\" data-id=\"5cb3715\" data-element_type=\"widget\" data-widget_type=\"text-editor.default\">\n\t\t\t\t<div class=\"elementor-widget-container\">\n\t\t\t\t\t\t\t<div><div><p><strong>T\u00d3RAX<\/strong><\/p><div><div><p>-RX ST\u00c1NDAR DE T\u00d3RAX<\/p><\/div><div><p>-RX T\u00d3RAX OSEO<\/p><\/div><\/div><\/div><\/div>\t\t\t\t\t\t<\/div>\n\t\t\t\t<\/div>\n\t\t\t\t<\/div>\n\t\t<div class=\"elementor-element elementor-element-419c3c7 e-con-full e-flex e-con e-child\" data-id=\"419c3c7\" data-element_type=\"container\">\n\t\t\t\t<div class=\"elementor-element elementor-element-f2f0766 elementor-widget elementor-widget-text-editor\" data-id=\"f2f0766\" data-element_type=\"widget\" data-widget_type=\"text-editor.default\">\n\t\t\t\t<div class=\"elementor-widget-container\">\n\t\t\t\t\t\t\t<div><div><p><strong>ABDOMEN<\/strong><\/p><div><div><p>-RX ABDOMEN AP<\/p><\/div><div><p>-RX ABDOMEN AP Y LATERAL<\/p><\/div><div><p>-RX ABDOMEN<\/p><p>BIPEDESTACI\u00d3N<\/p><\/div><\/div><\/div><\/div>\t\t\t\t\t\t<\/div>\n\t\t\t\t<\/div>\n\t\t\t\t<\/div>\n\t\t<div class=\"elementor-element elementor-element-9c1b1e7 e-con-full e-flex e-con e-child\" data-id=\"9c1b1e7\" data-element_type=\"container\">\n\t\t\t\t<div class=\"elementor-element elementor-element-4ecb055 elementor-widget elementor-widget-text-editor\" data-id=\"4ecb055\" data-element_type=\"widget\" data-widget_type=\"text-editor.default\">\n\t\t\t\t<div class=\"elementor-widget-container\">\n\t\t\t\t\t\t\t<div><div><p><strong>PELVIS<\/strong><\/p><div><div><p>-RX PELVIS AP<\/p><\/div><div><p>-RX PELVIS LATERAL<\/p><\/div><div><p>-RX COXIS AP Y LATERAL<\/p><\/div><\/div><\/div><\/div>\t\t\t\t\t\t<\/div>\n\t\t\t\t<\/div>\n\t\t\t\t<\/div>\n\t\t\t\t\t<\/div>\n\t\t\t\t<\/div>\n\t\t<div class=\"elementor-element elementor-element-d37a7f1 e-flex e-con-boxed e-con e-parent\" data-id=\"d37a7f1\" data-element_type=\"container\">\n\t\t\t\t\t<div class=\"e-con-inner\">\n\t\t\t\t<div class=\"elementor-element elementor-element-c33484d elementor-widget elementor-widget-spacer\" data-id=\"c33484d\" data-element_type=\"widget\" data-widget_type=\"spacer.default\">\n\t\t\t\t<div class=\"elementor-widget-container\">\n\t\t\t\t\t<div class=\"elementor-spacer\">\n\t\t\t<div class=\"elementor-spacer-inner\"><\/div>\n\t\t<\/div>\n\t\t\t\t<\/div>\n\t\t\t\t<\/div>\n\t\t\t\t\t<\/div>\n\t\t\t\t<\/div>\n\t\t<div class=\"elementor-element elementor-element-cdebcce e-flex e-con-boxed e-con e-parent\" data-id=\"cdebcce\" data-element_type=\"container\">\n\t\t\t\t\t<div class=\"e-con-inner\">\n\t\t<div class=\"elementor-element elementor-element-b743957 e-con-full e-flex e-con e-child\" data-id=\"b743957\" data-element_type=\"container\">\n\t\t\t\t<div class=\"elementor-element elementor-element-1883a64 elementor-widget elementor-widget-text-editor\" data-id=\"1883a64\" data-element_type=\"widget\" data-widget_type=\"text-editor.default\">\n\t\t\t\t<div class=\"elementor-widget-container\">\n\t\t\t\t\t\t\t<div><div><p><strong>CADERA O ARTICULACION COXOFEMORAL<\/strong><\/p><div><div><p>-RX CADERA AP<\/p><\/div><div><p>-RX CADERA LATERAL<\/p><\/div><div><p>-RX CADERA OBLLICUA<\/p><\/div><div><p>-RX CADERA EN PROYECI\u00d3N AXIAL DE DUNN<\/p><\/div><\/div><\/div><\/div>\t\t\t\t\t\t<\/div>\n\t\t\t\t<\/div>\n\t\t\t\t<\/div>\n\t\t<div class=\"elementor-element elementor-element-959bc9d e-con-full e-flex e-con e-child\" data-id=\"959bc9d\" data-element_type=\"container\">\n\t\t\t\t<div class=\"elementor-element elementor-element-2a346d5 elementor-widget elementor-widget-text-editor\" data-id=\"2a346d5\" data-element_type=\"widget\" data-widget_type=\"text-editor.default\">\n\t\t\t\t<div class=\"elementor-widget-container\">\n\t\t\t\t\t\t\t<div><div><p><strong>F\u00c9MUR<\/strong><\/p><div><div><p>-RX F\u00c9MUR AP<\/p><\/div><div><p>-RX F\u00c9MUR LATERAL<\/p><\/div><\/div><\/div><\/div>\t\t\t\t\t\t<\/div>\n\t\t\t\t<\/div>\n\t\t\t\t<\/div>\n\t\t<div class=\"elementor-element elementor-element-5bdcbaf e-con-full e-flex e-con e-child\" data-id=\"5bdcbaf\" data-element_type=\"container\">\n\t\t\t\t<div class=\"elementor-element elementor-element-0e197a8 elementor-widget elementor-widget-text-editor\" data-id=\"0e197a8\" data-element_type=\"widget\" data-widget_type=\"text-editor.default\">\n\t\t\t\t<div class=\"elementor-widget-container\">\n\t\t\t\t\t\t\t<div><div><p><strong>RODILLA<\/strong><\/p><div><div><p>-RX RODILLA AP<\/p><\/div><div><p>-RX RODILLA LATERAL<\/p><\/div><div><p>-RX CON CARGA EN FLEXI\u00d3N<\/p><\/div><\/div><\/div><\/div>\t\t\t\t\t\t<\/div>\n\t\t\t\t<\/div>\n\t\t\t\t<\/div>\n\t\t<div class=\"elementor-element elementor-element-58c4df2 e-con-full e-flex e-con e-child\" data-id=\"58c4df2\" data-element_type=\"container\">\n\t\t\t\t<div class=\"elementor-element elementor-element-e58408f elementor-widget elementor-widget-text-editor\" data-id=\"e58408f\" data-element_type=\"widget\" data-widget_type=\"text-editor.default\">\n\t\t\t\t<div class=\"elementor-widget-container\">\n\t\t\t\t\t\t\t<div><div><p><strong>PIERNA ( TIBIA Y PERONE)<\/strong><\/p><div><div><p>-RX PIERNA AP<\/p><\/div><div><p>-RX PIERNA LATERAL<\/p><\/div><\/div><\/div><\/div>\t\t\t\t\t\t<\/div>\n\t\t\t\t<\/div>\n\t\t\t\t<\/div>\n\t\t\t\t\t<\/div>\n\t\t\t\t<\/div>\n\t\t<div class=\"elementor-element elementor-element-ac6cc80 e-flex e-con-boxed e-con e-parent\" data-id=\"ac6cc80\" data-element_type=\"container\">\n\t\t\t\t\t<div class=\"e-con-inner\">\n\t\t\t\t<div class=\"elementor-element elementor-element-cf3de9a elementor-widget elementor-widget-spacer\" data-id=\"cf3de9a\" data-element_type=\"widget\" data-widget_type=\"spacer.default\">\n\t\t\t\t<div class=\"elementor-widget-container\">\n\t\t\t\t\t<div class=\"elementor-spacer\">\n\t\t\t<div class=\"elementor-spacer-inner\"><\/div>\n\t\t<\/div>\n\t\t\t\t<\/div>\n\t\t\t\t<\/div>\n\t\t\t\t\t<\/div>\n\t\t\t\t<\/div>\n\t\t<div class=\"elementor-element elementor-element-5b66990 e-flex e-con-boxed e-con e-parent\" data-id=\"5b66990\" data-element_type=\"container\">\n\t\t\t\t\t<div class=\"e-con-inner\">\n\t\t<div class=\"elementor-element elementor-element-f849283 e-con-full e-flex e-con e-child\" data-id=\"f849283\" data-element_type=\"container\">\n\t\t\t\t<div class=\"elementor-element elementor-element-7b4deca elementor-widget elementor-widget-text-editor\" data-id=\"7b4deca\" data-element_type=\"widget\" data-widget_type=\"text-editor.default\">\n\t\t\t\t<div class=\"elementor-widget-container\">\n\t\t\t\t\t\t\t<div><div><p><strong>TOBILLO<\/strong><\/p><div><div><p>-RX TOBILLO AP<\/p><\/div><div><p>-RX TOBILLO LATERAL<\/p><\/div><div><p>-RX TOBILLO OBLICUA<\/p><\/div><div><p>-RX MORTAJA TIBIO PERONEO ASTRAGALINA<\/p><\/div><\/div><\/div><\/div>\t\t\t\t\t\t<\/div>\n\t\t\t\t<\/div>\n\t\t\t\t<\/div>\n\t\t<div class=\"elementor-element elementor-element-2f67571 e-con-full e-flex e-con e-child\" data-id=\"2f67571\" data-element_type=\"container\">\n\t\t\t\t<div class=\"elementor-element elementor-element-a5aa3e2 elementor-widget elementor-widget-text-editor\" data-id=\"a5aa3e2\" data-element_type=\"widget\" data-widget_type=\"text-editor.default\">\n\t\t\t\t<div class=\"elementor-widget-container\">\n\t\t\t\t\t\t\t<div><div><p><strong>PIE<\/strong><\/p><div><div><p>-RX PIE AP<\/p><\/div><div><p>-RX PIE LATERAL<\/p><\/div><div><p>-RX CALCANEO AXIAL Y LATERAL<\/p><\/div><\/div><\/div><\/div>\t\t\t\t\t\t<\/div>\n\t\t\t\t<\/div>\n\t\t\t\t<\/div>\n\t\t\t\t\t<\/div>\n\t\t\t\t<\/div>\n\t\t\t\t<\/div>\n\t\t","protected":false},"excerpt":{"rendered":"<p>RAYOS X CABEZA -RX CR\u00c1NEO AP Y LATERAL -RX CR\u00c1NEO POSTERO ANTERIOR -RX SENOS PARANASALES [&hellip;]<\/p>\n","protected":false},"author":1,"featured_media":0,"parent":0,"menu_order":0,"comment_status":"closed","ping_status":"closed","template":"","meta":{"footnotes":""},"class_list":["post-399","page","type-page","status-publish","hentry"],"yoast_head":"<!-- This site is optimized with the Yoast SEO plugin v23.7 - https:\/\/yoast.com\/wordpress\/plugins\/seo\/ -->\n<title>SERVICIOS DE RADIOLOG\u00cdA -<\/title>\n<meta name=\"robots\" content=\"index, follow, max-snippet:-1, max-image-preview:large, max-video-preview:-1\" \/>\n<link rel=\"canonical\" href=\"http:\/\/damadianserviciodesalud.com\/?page_id=399\" \/>\n<meta property=\"og:locale\" content=\"es_ES\" \/>\n<meta property=\"og:type\" content=\"article\" \/>\n<meta property=\"og:title\" content=\"SERVICIOS DE RADIOLOG\u00cdA -\" \/>\n<meta property=\"og:description\" content=\"RAYOS X CABEZA -RX CR\u00c1NEO AP Y LATERAL -RX CR\u00c1NEO POSTERO ANTERIOR -RX SENOS PARANASALES [&hellip;]\" \/>\n<meta property=\"og:url\" content=\"http:\/\/damadianserviciodesalud.com\/?page_id=399\" \/>\n<meta property=\"article:modified_time\" content=\"2024-11-19T17:06:28+00:00\" \/>\n<meta name=\"twitter:card\" content=\"summary_large_image\" \/>\n<meta name=\"twitter:label1\" content=\"Tiempo de lectura\" \/>\n\t<meta name=\"twitter:data1\" content=\"2 minutos\" \/>\n<script type=\"application\/ld+json\" class=\"yoast-schema-graph\">{\"@context\":\"https:\/\/schema.org\",\"@graph\":[{\"@type\":\"WebPage\",\"@id\":\"http:\/\/damadianserviciodesalud.com\/?page_id=399\",\"url\":\"http:\/\/damadianserviciodesalud.com\/?page_id=399\",\"name\":\"SERVICIOS DE RADIOLOG\u00cdA -\",\"isPartOf\":{\"@id\":\"https:\/\/damadianserviciodesalud.com\/#website\"},\"datePublished\":\"2024-11-19T16:06:04+00:00\",\"dateModified\":\"2024-11-19T17:06:28+00:00\",\"breadcrumb\":{\"@id\":\"http:\/\/damadianserviciodesalud.com\/?page_id=399#breadcrumb\"},\"inLanguage\":\"es\",\"potentialAction\":[{\"@type\":\"ReadAction\",\"target\":[\"http:\/\/damadianserviciodesalud.com\/?page_id=399\"]}]},{\"@type\":\"BreadcrumbList\",\"@id\":\"http:\/\/damadianserviciodesalud.com\/?page_id=399#breadcrumb\",\"itemListElement\":[{\"@type\":\"ListItem\",\"position\":1,\"name\":\"Home\",\"item\":\"https:\/\/damadianserviciodesalud.com\/\"},{\"@type\":\"ListItem\",\"position\":2,\"name\":\"SERVICIOS DE RADIOLOG\u00cdA\"}]},{\"@type\":\"WebSite\",\"@id\":\"https:\/\/damadianserviciodesalud.com\/#website\",\"url\":\"https:\/\/damadianserviciodesalud.com\/\",\"name\":\"\",\"description\":\"servicios de salud en san gabriel\",\"potentialAction\":[{\"@type\":\"SearchAction\",\"target\":{\"@type\":\"EntryPoint\",\"urlTemplate\":\"https:\/\/damadianserviciodesalud.com\/?s={search_term_string}\"},\"query-input\":{\"@type\":\"PropertyValueSpecification\",\"valueRequired\":true,\"valueName\":\"search_term_string\"}}],\"inLanguage\":\"es\"}]}<\/script>\n<!-- \/ Yoast SEO plugin. -->","yoast_head_json":{"title":"SERVICIOS DE RADIOLOG\u00cdA -","robots":{"index":"index","follow":"follow","max-snippet":"max-snippet:-1","max-image-preview":"max-image-preview:large","max-video-preview":"max-video-preview:-1"},"canonical":"http:\/\/damadianserviciodesalud.com\/?page_id=399","og_locale":"es_ES","og_type":"article","og_title":"SERVICIOS DE RADIOLOG\u00cdA -","og_description":"RAYOS X CABEZA -RX CR\u00c1NEO AP Y LATERAL -RX CR\u00c1NEO POSTERO ANTERIOR -RX SENOS PARANASALES [&hellip;]","og_url":"http:\/\/damadianserviciodesalud.com\/?page_id=399","article_modified_time":"2024-11-19T17:06:28+00:00","twitter_card":"summary_large_image","twitter_misc":{"Tiempo de lectura":"2 minutos"},"schema":{"@context":"https:\/\/schema.org","@graph":[{"@type":"WebPage","@id":"http:\/\/damadianserviciodesalud.com\/?page_id=399","url":"http:\/\/damadianserviciodesalud.com\/?page_id=399","name":"SERVICIOS DE RADIOLOG\u00cdA -","isPartOf":{"@id":"https:\/\/damadianserviciodesalud.com\/#website"},"datePublished":"2024-11-19T16:06:04+00:00","dateModified":"2024-11-19T17:06:28+00:00","breadcrumb":{"@id":"http:\/\/damadianserviciodesalud.com\/?page_id=399#breadcrumb"},"inLanguage":"es","potentialAction":[{"@type":"ReadAction","target":["http:\/\/damadianserviciodesalud.com\/?page_id=399"]}]},{"@type":"BreadcrumbList","@id":"http:\/\/damadianserviciodesalud.com\/?page_id=399#breadcrumb","itemListElement":[{"@type":"ListItem","position":1,"name":"Home","item":"https:\/\/damadianserviciodesalud.com\/"},{"@type":"ListItem","position":2,"name":"SERVICIOS DE RADIOLOG\u00cdA"}]},{"@type":"WebSite","@id":"https:\/\/damadianserviciodesalud.com\/#website","url":"https:\/\/damadianserviciodesalud.com\/","name":"","description":"servicios de salud en san gabriel","potentialAction":[{"@type":"SearchAction","target":{"@type":"EntryPoint","urlTemplate":"https:\/\/damadianserviciodesalud.com\/?s={search_term_string}"},"query-input":{"@type":"PropertyValueSpecification","valueRequired":true,"valueName":"search_term_string"}}],"inLanguage":"es"}]}},"_links":{"self":[{"href":"https:\/\/damadianserviciodesalud.com\/index.php?rest_route=\/wp\/v2\/pages\/399","targetHints":{"allow":["GET"]}}],"collection":[{"href":"https:\/\/damadianserviciodesalud.com\/index.php?rest_route=\/wp\/v2\/pages"}],"about":[{"href":"https:\/\/damadianserviciodesalud.com\/index.php?rest_route=\/wp\/v2\/types\/page"}],"author":[{"embeddable":true,"href":"https:\/\/damadianserviciodesalud.com\/index.php?rest_route=\/wp\/v2\/users\/1"}],"replies":[{"embeddable":true,"href":"https:\/\/damadianserviciodesalud.com\/index.php?rest_route=%2Fwp%2Fv2%2Fcomments&post=399"}],"version-history":[{"count":6,"href":"https:\/\/damadianserviciodesalud.com\/index.php?rest_route=\/wp\/v2\/pages\/399\/revisions"}],"predecessor-version":[{"id":818,"href":"https:\/\/damadianserviciodesalud.com\/index.php?rest_route=\/wp\/v2\/pages\/399\/revisions\/818"}],"wp:attachment":[{"href":"https:\/\/damadianserviciodesalud.com\/index.php?rest_route=%2Fwp%2Fv2%2Fmedia&parent=399"}],"curies":[{"name":"wp","href":"https:\/\/api.w.org\/{rel}","templated":true}]}}