{"id":359,"date":"2024-11-18T23:49:43","date_gmt":"2024-11-18T23:49:43","guid":{"rendered":"https:\/\/damadianserviciodesalud.com\/?page_id=359"},"modified":"2024-11-19T00:22:01","modified_gmt":"2024-11-19T00:22:01","slug":"lavoratorio-clinico","status":"publish","type":"page","link":"https:\/\/damadianserviciodesalud.com\/?page_id=359","title":{"rendered":"LABORATORIO CL\u00cdNICO"},"content":{"rendered":"\t\t<div data-elementor-type=\"wp-page\" data-elementor-id=\"359\" class=\"elementor elementor-359\">\n\t\t\t\t<div class=\"elementor-element elementor-element-9ab1fa1 e-flex e-con-boxed e-con e-parent\" data-id=\"9ab1fa1\" data-element_type=\"container\">\n\t\t\t\t\t<div class=\"e-con-inner\">\n\t\t<div class=\"elementor-element elementor-element-ae36182 e-con-full e-flex e-con e-child\" data-id=\"ae36182\" data-element_type=\"container\">\n\t\t\t\t<div class=\"elementor-element elementor-element-9bd8877 elementor-widget elementor-widget-image\" data-id=\"9bd8877\" data-element_type=\"widget\" data-widget_type=\"image.default\">\n\t\t\t\t<div class=\"elementor-widget-container\">\n\t\t\t\t\t\t\t\t\t\t\t\t\t<img fetchpriority=\"high\" decoding=\"async\" width=\"360\" height=\"360\" src=\"https:\/\/damadianserviciodesalud.com\/wp-content\/uploads\/2024\/11\/laboratorio-clinico-en-san-gabriel.png\" class=\"attachment-large size-large wp-image-195\" alt=\"SERVICIOs-de laboratorio-clinico-en -san-gabriel\" srcset=\"https:\/\/damadianserviciodesalud.com\/wp-content\/uploads\/2024\/11\/laboratorio-clinico-en-san-gabriel.png 360w, https:\/\/damadianserviciodesalud.com\/wp-content\/uploads\/2024\/11\/laboratorio-clinico-en-san-gabriel-300x300.png 300w, https:\/\/damadianserviciodesalud.com\/wp-content\/uploads\/2024\/11\/laboratorio-clinico-en-san-gabriel-150x150.png 150w\" sizes=\"(max-width: 360px) 100vw, 360px\" \/>\t\t\t\t\t\t\t\t\t\t\t\t\t<\/div>\n\t\t\t\t<\/div>\n\t\t\t\t<\/div>\n\t\t<div class=\"elementor-element elementor-element-5135f2c e-con-full e-flex e-con e-child\" data-id=\"5135f2c\" data-element_type=\"container\">\n\t\t<div class=\"elementor-element elementor-element-f40d301 e-con-full e-flex e-con e-child\" data-id=\"f40d301\" data-element_type=\"container\">\n\t\t\t\t<div class=\"elementor-element elementor-element-585f170 elementor-widget elementor-widget-heading\" data-id=\"585f170\" data-element_type=\"widget\" data-widget_type=\"heading.default\">\n\t\t\t\t<div class=\"elementor-widget-container\">\n\t\t\t<h2 class=\"elementor-heading-title elementor-size-default\">LABORATORIO CL\u00cdNICO<\/h2>\t\t<\/div>\n\t\t\t\t<\/div>\n\t\t\t\t<\/div>\n\t\t<div class=\"elementor-element elementor-element-e117068 e-con-full e-flex e-con e-child\" data-id=\"e117068\" data-element_type=\"container\">\n\t\t\t\t<div class=\"elementor-element elementor-element-9bb4c99 elementor-widget elementor-widget-text-editor\" data-id=\"9bb4c99\" data-element_type=\"widget\" data-widget_type=\"text-editor.default\">\n\t\t\t\t<div class=\"elementor-widget-container\">\n\t\t\t\t\t\t\t<div><div><p>Todos nuestros protocolos y procesos para la realizaci\u00f3n de tus ex\u00e1menes de laboratorio est\u00e1n garantizados, gracias a la aplicaci\u00f3n de estrictas normas de calidad y protocolos desde la toma de muestra hasta la emisi\u00f3n de resultados.<\/p><\/div><div><p>Contamos con, equipos y reactivos de calidad internacional reconocida, lo que nos permite garantizar calidad y confianza, adem\u00e1s de tener calibraci\u00f3n y controles constantes de dichos equipos.<\/p><\/div><\/div>\t\t\t\t\t\t<\/div>\n\t\t\t\t<\/div>\n\t\t\t\t<\/div>\n\t\t\t\t<\/div>\n\t\t\t\t\t<\/div>\n\t\t\t\t<\/div>\n\t\t<div class=\"elementor-element elementor-element-4b12468 e-flex e-con-boxed e-con e-parent\" data-id=\"4b12468\" data-element_type=\"container\">\n\t\t\t\t\t<div class=\"e-con-inner\">\n\t\t\t\t<div class=\"elementor-element elementor-element-5292a18 elementor-widget-divider--view-line elementor-widget elementor-widget-divider\" data-id=\"5292a18\" data-element_type=\"widget\" data-widget_type=\"divider.default\">\n\t\t\t\t<div class=\"elementor-widget-container\">\n\t\t\t\t\t<div class=\"elementor-divider\">\n\t\t\t<span class=\"elementor-divider-separator\">\n\t\t\t\t\t\t<\/span>\n\t\t<\/div>\n\t\t\t\t<\/div>\n\t\t\t\t<\/div>\n\t\t\t\t\t<\/div>\n\t\t\t\t<\/div>\n\t\t<div class=\"elementor-element elementor-element-1602d70 e-flex e-con-boxed e-con e-parent\" data-id=\"1602d70\" data-element_type=\"container\">\n\t\t\t\t\t<div class=\"e-con-inner\">\n\t\t\t\t<div class=\"elementor-element elementor-element-3b1db06 elementor-widget elementor-widget-heading\" data-id=\"3b1db06\" data-element_type=\"widget\" data-widget_type=\"heading.default\">\n\t\t\t\t<div class=\"elementor-widget-container\">\n\t\t\t<h2 class=\"elementor-heading-title elementor-size-default\">A continuaci\u00f3n detallamos los ex\u00e1menes disponibles:\n<\/h2>\t\t<\/div>\n\t\t\t\t<\/div>\n\t\t\t\t\t<\/div>\n\t\t\t\t<\/div>\n\t\t<div class=\"elementor-element elementor-element-99b5dc4 e-flex e-con-boxed e-con e-parent\" data-id=\"99b5dc4\" data-element_type=\"container\">\n\t\t\t\t\t<div class=\"e-con-inner\">\n\t\t\t\t<div class=\"elementor-element elementor-element-d5e8022 elementor-widget elementor-widget-spacer\" data-id=\"d5e8022\" data-element_type=\"widget\" data-widget_type=\"spacer.default\">\n\t\t\t\t<div class=\"elementor-widget-container\">\n\t\t\t\t\t<div class=\"elementor-spacer\">\n\t\t\t<div class=\"elementor-spacer-inner\"><\/div>\n\t\t<\/div>\n\t\t\t\t<\/div>\n\t\t\t\t<\/div>\n\t\t\t\t\t<\/div>\n\t\t\t\t<\/div>\n\t\t<div class=\"elementor-element elementor-element-0604bfd e-flex e-con-boxed e-con e-parent\" data-id=\"0604bfd\" data-element_type=\"container\">\n\t\t\t\t\t<div class=\"e-con-inner\">\n\t\t<div class=\"elementor-element elementor-element-e0dc088 e-con-full e-flex e-con e-child\" data-id=\"e0dc088\" data-element_type=\"container\">\n\t\t<div class=\"elementor-element elementor-element-078e8d2 e-con-full e-flex e-con e-child\" data-id=\"078e8d2\" data-element_type=\"container\">\n\t\t\t\t<div class=\"elementor-element elementor-element-56c375b elementor-widget elementor-widget-text-editor\" data-id=\"56c375b\" data-element_type=\"widget\" data-widget_type=\"text-editor.default\">\n\t\t\t\t<div class=\"elementor-widget-container\">\n\t\t\t\t\t\t\t<p><strong>HEMATOLOG\u00cdA<\/strong><\/p><div><div style=\"line-height: 1.07917; direction: ltr; margin-left: 0px;\">-Biometr\u00eda Hem\u00e1tica.<\/div><div style=\"line-height: 1.07917; direction: ltr; margin-left: 0px;\"><div><p>-\u00cdndices Hematim\u00e9tricos (VCM, HCM, CHCM).<\/p><\/div><div><p>-Recuento de Plaquetas.<\/p><\/div><div><p>-Recuento de Reticulocitos.<\/p><\/div><div><p>-Tipificaci\u00f3n Sangu\u00ednea.<\/p><\/div><div><p>-Velocidad de Sedimentaci\u00f3n Globular<\/p><\/div><div><p>-Hierro s\u00e9rico.<\/p><\/div><div><p>-Ferritina.<\/p><\/div><\/div><\/div>\t\t\t\t\t\t<\/div>\n\t\t\t\t<\/div>\n\t\t\t\t<\/div>\n\t\t\t\t<\/div>\n\t\t<div class=\"elementor-element elementor-element-09f92dd e-con-full e-flex e-con e-child\" data-id=\"09f92dd\" data-element_type=\"container\">\n\t\t\t\t<div class=\"elementor-element elementor-element-b685b77 elementor-widget elementor-widget-text-editor\" data-id=\"b685b77\" data-element_type=\"widget\" data-widget_type=\"text-editor.default\">\n\t\t\t\t<div class=\"elementor-widget-container\">\n\t\t\t\t\t\t\t<div><div><p><strong>COAGULAC\u00d3N<\/strong><\/p><div><div><p>-Tiempo de Coagulaci\u00f3n.<\/p><\/div><div><p>-Tiempo de Sangr\u00eda.<\/p><\/div><div><p>-Tiempo de Protrombina (TP) e (INR).<\/p><\/div><div><p>-Tiempo de Tromboplastina Parcial (TTP).<\/p><\/div><div><p>-Tiempo de Trombina (TT).<\/p><\/div><div><p>-Fibrin\u00f3geno.<\/p><\/div><div><p>-D\u00edmero D.<\/p><\/div><\/div><\/div><\/div>\t\t\t\t\t\t<\/div>\n\t\t\t\t<\/div>\n\t\t\t\t<\/div>\n\t\t<div class=\"elementor-element elementor-element-011399d e-con-full e-flex e-con e-child\" data-id=\"011399d\" data-element_type=\"container\">\n\t\t\t\t<div class=\"elementor-element elementor-element-deb26ad elementor-widget elementor-widget-text-editor\" data-id=\"deb26ad\" data-element_type=\"widget\" data-widget_type=\"text-editor.default\">\n\t\t\t\t<div class=\"elementor-widget-container\">\n\t\t\t\t\t\t\t<div><div><p><strong>QU\u00cdMICA<\/strong><\/p><div><div><p>-Glucosa Basal.<\/p><\/div><div><p>-Urea.<\/p><\/div><div><p>-Creatinina.<\/p><\/div><div><p>-\u00c1cido \u00darico.<\/p><\/div><\/div><\/div><\/div>\t\t\t\t\t\t<\/div>\n\t\t\t\t<\/div>\n\t\t\t\t<\/div>\n\t\t<div class=\"elementor-element elementor-element-28487c4 e-con-full e-flex e-con e-child\" data-id=\"28487c4\" data-element_type=\"container\">\n\t\t\t\t<div class=\"elementor-element elementor-element-07bf5bd elementor-widget elementor-widget-text-editor\" data-id=\"07bf5bd\" data-element_type=\"widget\" data-widget_type=\"text-editor.default\">\n\t\t\t\t<div class=\"elementor-widget-container\">\n\t\t\t\t\t\t\t<div><div><p><strong>PERFIL LIP\u00cdDICO<\/strong><\/p><div><div><p>-Colesterol Total.<\/p><\/div><div><p>-Triglic\u00e9ridos (TGL).<\/p><\/div><div><p>-Colesterol HDL<\/p><\/div><div><p>-Colesterol LDL .<\/p><\/div><\/div><p><strong>\u00a0<\/strong><\/p><\/div><\/div>\t\t\t\t\t\t<\/div>\n\t\t\t\t<\/div>\n\t\t\t\t<\/div>\n\t\t\t\t\t<\/div>\n\t\t\t\t<\/div>\n\t\t<div class=\"elementor-element elementor-element-50ff76d e-flex e-con-boxed e-con e-parent\" data-id=\"50ff76d\" data-element_type=\"container\">\n\t\t\t\t\t<div class=\"e-con-inner\">\n\t\t\t\t<div class=\"elementor-element elementor-element-bc886db elementor-widget elementor-widget-spacer\" data-id=\"bc886db\" data-element_type=\"widget\" data-widget_type=\"spacer.default\">\n\t\t\t\t<div class=\"elementor-widget-container\">\n\t\t\t\t\t<div class=\"elementor-spacer\">\n\t\t\t<div class=\"elementor-spacer-inner\"><\/div>\n\t\t<\/div>\n\t\t\t\t<\/div>\n\t\t\t\t<\/div>\n\t\t\t\t\t<\/div>\n\t\t\t\t<\/div>\n\t\t<div class=\"elementor-element elementor-element-f9d6abc e-flex e-con-boxed e-con e-parent\" data-id=\"f9d6abc\" data-element_type=\"container\">\n\t\t\t\t\t<div class=\"e-con-inner\">\n\t\t<div class=\"elementor-element elementor-element-a622faf e-con-full e-flex e-con e-child\" data-id=\"a622faf\" data-element_type=\"container\">\n\t\t\t\t<div class=\"elementor-element elementor-element-adf6460 elementor-widget elementor-widget-text-editor\" data-id=\"adf6460\" data-element_type=\"widget\" data-widget_type=\"text-editor.default\">\n\t\t\t\t<div class=\"elementor-widget-container\">\n\t\t\t\t\t\t\t<div><div><p><strong>PERFIL HEP\u00c1TICO<\/strong><\/p><div><div><p>Alanina Aminotransferasa &#8211; ALT (TGP).<\/p><\/div><div><p>Aspartato Aminotransferasa &#8211; AST (TGO).<\/p><\/div><div><p>Gamma Glutamiltransferasa (GAMMA GT).<\/p><\/div><div><p>Fosfatasa Alcalina.<\/p><\/div><div><p>Bilirrubina Total.<\/p><\/div><div><p>Bilirrubina Directa.<\/p><\/div><div><p>Bilirrubina Indirecta.<\/p><\/div><div><p>Albumina<\/p><\/div><div><p>Globulina.<\/p><\/div><\/div><\/div><\/div>\t\t\t\t\t\t<\/div>\n\t\t\t\t<\/div>\n\t\t\t\t<\/div>\n\t\t<div class=\"elementor-element elementor-element-14b6469 e-con-full e-flex e-con e-child\" data-id=\"14b6469\" data-element_type=\"container\">\n\t\t\t\t<div class=\"elementor-element elementor-element-34b3814 elementor-widget elementor-widget-text-editor\" data-id=\"34b3814\" data-element_type=\"widget\" data-widget_type=\"text-editor.default\">\n\t\t\t\t<div class=\"elementor-widget-container\">\n\t\t\t\t\t\t\t<div><div><p><strong>PRUEBAS HORMONALES<\/strong><\/p><div><div><p>-T3<\/p><\/div><div><p>-T4<\/p><\/div><div><p>-FT4<\/p><\/div><div><p>-FT3<\/p><\/div><div><p>-TSH<\/p><\/div><div><p>-FSH<\/p><\/div><div><p>-Estradiol<\/p><\/div><div><p>-Prolactina<\/p><\/div><div><p>-Progesterona<\/p><\/div><div><p>-Testosterona Total<\/p><\/div><div><p>-Cortisol am<\/p><\/div><div><p>-Cortisol pm<\/p><\/div><div><p>-Globulina<\/p><\/div><div><p>-Beta BCG Cuantitativa<\/p><\/div><div><p>-Beta BCG Cualitativa<\/p><\/div><\/div><\/div><\/div>\t\t\t\t\t\t<\/div>\n\t\t\t\t<\/div>\n\t\t\t\t<\/div>\n\t\t<div class=\"elementor-element elementor-element-14377d4 e-con-full e-flex e-con e-child\" data-id=\"14377d4\" data-element_type=\"container\">\n\t\t\t\t<div class=\"elementor-element elementor-element-ddbfe39 elementor-widget elementor-widget-text-editor\" data-id=\"ddbfe39\" data-element_type=\"widget\" data-widget_type=\"text-editor.default\">\n\t\t\t\t<div class=\"elementor-widget-container\">\n\t\t\t\t\t\t\t<div><div><p><strong>SEROLOG\u00cdA<\/strong><\/p><div><div><p>-Aglutinaciones Febriles<\/p><\/div><div><p>-ASTO<\/p><\/div><div><p>-FR LATEX<\/p><\/div><div><p>-PCR<\/p><\/div><div><p>-VDRL<\/p><\/div><\/div><\/div><\/div>\t\t\t\t\t\t<\/div>\n\t\t\t\t<\/div>\n\t\t\t\t<\/div>\n\t\t<div class=\"elementor-element elementor-element-d98fd3b e-con-full e-flex e-con e-child\" data-id=\"d98fd3b\" data-element_type=\"container\">\n\t\t\t\t<div class=\"elementor-element elementor-element-7fed805 elementor-widget elementor-widget-text-editor\" data-id=\"7fed805\" data-element_type=\"widget\" data-widget_type=\"text-editor.default\">\n\t\t\t\t<div class=\"elementor-widget-container\">\n\t\t\t\t\t\t\t<div><div><p><strong>ELECTROLITOS<\/strong><\/p><div><div><p>-Sodio<\/p><\/div><div><p>-Potasio<\/p><\/div><div><p>-Calcio I\u00f3nico<\/p><\/div><div><p>-Litio<\/p><\/div><div><p>-Cloro<\/p><\/div><\/div><p>\u00a0<\/p><\/div><\/div>\t\t\t\t\t\t<\/div>\n\t\t\t\t<\/div>\n\t\t\t\t<\/div>\n\t\t\t\t\t<\/div>\n\t\t\t\t<\/div>\n\t\t<div class=\"elementor-element elementor-element-3f1222f e-flex e-con-boxed e-con e-parent\" data-id=\"3f1222f\" data-element_type=\"container\">\n\t\t\t\t\t<div class=\"e-con-inner\">\n\t\t\t\t<div class=\"elementor-element elementor-element-8719720 elementor-widget elementor-widget-spacer\" data-id=\"8719720\" data-element_type=\"widget\" data-widget_type=\"spacer.default\">\n\t\t\t\t<div class=\"elementor-widget-container\">\n\t\t\t\t\t<div class=\"elementor-spacer\">\n\t\t\t<div class=\"elementor-spacer-inner\"><\/div>\n\t\t<\/div>\n\t\t\t\t<\/div>\n\t\t\t\t<\/div>\n\t\t\t\t\t<\/div>\n\t\t\t\t<\/div>\n\t\t<div class=\"elementor-element elementor-element-6b5511f e-flex e-con-boxed e-con e-parent\" data-id=\"6b5511f\" data-element_type=\"container\">\n\t\t\t\t\t<div class=\"e-con-inner\">\n\t\t<div class=\"elementor-element elementor-element-b9697f5 e-con-full e-flex e-con e-child\" data-id=\"b9697f5\" data-element_type=\"container\">\n\t\t\t\t<div class=\"elementor-element elementor-element-f1fa52f elementor-widget elementor-widget-text-editor\" data-id=\"f1fa52f\" data-element_type=\"widget\" data-widget_type=\"text-editor.default\">\n\t\t\t\t<div class=\"elementor-widget-container\">\n\t\t\t\t\t\t\t<div><div><p><strong>HECES<\/strong><\/p><div><div><p>-Coproparasitario<\/p><\/div><div><p>-Coproparasitario seriado<\/p><\/div><div><p>-Inv de Polimorfonucleares<\/p><\/div><div><p>-Rotavirus<\/p><\/div><div><p>-Helicobater pilory<\/p><\/div><div><p>-PH heces<\/p><\/div><\/div><\/div><\/div>\t\t\t\t\t\t<\/div>\n\t\t\t\t<\/div>\n\t\t\t\t<\/div>\n\t\t<div class=\"elementor-element elementor-element-3c5687d e-con-full e-flex e-con e-child\" data-id=\"3c5687d\" data-element_type=\"container\">\n\t\t\t\t<div class=\"elementor-element elementor-element-1ea8d0d elementor-widget elementor-widget-text-editor\" data-id=\"1ea8d0d\" data-element_type=\"widget\" data-widget_type=\"text-editor.default\">\n\t\t\t\t<div class=\"elementor-widget-container\">\n\t\t\t\t\t\t\t<div><div><p><strong>ORINA<\/strong><\/p><div><div><p>-Elemental y Microsc\u00f3pico de orina<\/p><\/div><div><p>-Gram de gota Fresca<\/p><\/div><div><p>-Proteinuria en orina parcial<\/p><\/div><div><p>-Proteinuria en orina de 24 horas<\/p><\/div><div><p>-Microalbuminuria<\/p><\/div><div><p>-Clearance de Creatinina<\/p><\/div><div><p>-Gram de orina<\/p><\/div><\/div><\/div><\/div>\t\t\t\t\t\t<\/div>\n\t\t\t\t<\/div>\n\t\t\t\t<\/div>\n\t\t<div class=\"elementor-element elementor-element-7a4dcbf e-con-full e-flex e-con e-child\" data-id=\"7a4dcbf\" data-element_type=\"container\">\n\t\t\t\t<div class=\"elementor-element elementor-element-eb58fd0 elementor-widget elementor-widget-text-editor\" data-id=\"eb58fd0\" data-element_type=\"widget\" data-widget_type=\"text-editor.default\">\n\t\t\t\t<div class=\"elementor-widget-container\">\n\t\t\t\t\t\t\t<div><div><p><strong>MARCADORES TUMORALES<\/strong><\/p><div><div><p>-PSA total<\/p><\/div><div><p>-PSA libre<\/p><\/div><div><p>-CA 125<\/p><\/div><div><p>-AFP<\/p><\/div><div><p>-CEA<\/p><\/div><div><p>-Tiroglobulina<\/p><\/div><div><p>-HE4<\/p><\/div><\/div><\/div><\/div>\t\t\t\t\t\t<\/div>\n\t\t\t\t<\/div>\n\t\t\t\t<\/div>\n\t\t<div class=\"elementor-element elementor-element-91356ba e-con-full e-flex e-con e-child\" data-id=\"91356ba\" data-element_type=\"container\">\n\t\t\t\t<div class=\"elementor-element elementor-element-15f07db elementor-widget elementor-widget-text-editor\" data-id=\"15f07db\" data-element_type=\"widget\" data-widget_type=\"text-editor.default\">\n\t\t\t\t<div class=\"elementor-widget-container\">\n\t\t\t\t\t\t\t<div><div><p><strong>INMUNOLOG\u00cdA<\/strong><\/p><\/div><\/div><div><div>\u00a0-Toxoplasma<\/div><div><div><p>-Rubeola<\/p><\/div><div><p>-Citomegalovirus<\/p><\/div><div><p>-Herpes I<\/p><\/div><div><p>-Herpes II<\/p><\/div><div><p>-Helicobacter pilory<\/p><\/div><div><p>-S\u00edfilis<\/p><\/div><div><p>-HAV<\/p><\/div><div><p>-HBsAG<\/p><\/div><div><p>-HCV<\/p><\/div><div><p>-HIV 1-2<\/p><\/div><div><p>-IgE<\/p><\/div><\/div><\/div>\t\t\t\t\t\t<\/div>\n\t\t\t\t<\/div>\n\t\t\t\t<\/div>\n\t\t\t\t\t<\/div>\n\t\t\t\t<\/div>\n\t\t<div class=\"elementor-element elementor-element-bc96650 e-flex e-con-boxed e-con e-parent\" data-id=\"bc96650\" data-element_type=\"container\">\n\t\t\t\t\t<div class=\"e-con-inner\">\n\t\t\t\t<div class=\"elementor-element elementor-element-63be1a6 elementor-widget elementor-widget-spacer\" data-id=\"63be1a6\" data-element_type=\"widget\" data-widget_type=\"spacer.default\">\n\t\t\t\t<div class=\"elementor-widget-container\">\n\t\t\t\t\t<div class=\"elementor-spacer\">\n\t\t\t<div class=\"elementor-spacer-inner\"><\/div>\n\t\t<\/div>\n\t\t\t\t<\/div>\n\t\t\t\t<\/div>\n\t\t\t\t\t<\/div>\n\t\t\t\t<\/div>\n\t\t<div class=\"elementor-element elementor-element-2a6e7c7 e-flex e-con-boxed e-con e-parent\" data-id=\"2a6e7c7\" data-element_type=\"container\">\n\t\t\t\t\t<div class=\"e-con-inner\">\n\t\t<div class=\"elementor-element elementor-element-2fe3abb e-con-full e-flex e-con e-child\" data-id=\"2fe3abb\" data-element_type=\"container\">\n\t\t\t\t<div class=\"elementor-element elementor-element-eecc1d9 elementor-widget elementor-widget-text-editor\" data-id=\"eecc1d9\" data-element_type=\"widget\" data-widget_type=\"text-editor.default\">\n\t\t\t\t<div class=\"elementor-widget-container\">\n\t\t\t\t\t\t\t<div><div><p><strong>SCREENIG DE DROGAS DE ABUSO<\/strong><\/p><div><div><p>-Orina<\/p><\/div><div><p>-Sangre<\/p><\/div><\/div><\/div><\/div>\t\t\t\t\t\t<\/div>\n\t\t\t\t<\/div>\n\t\t\t\t<\/div>\n\t\t<div class=\"elementor-element elementor-element-8163ef0 e-con-full e-flex e-con e-child\" data-id=\"8163ef0\" data-element_type=\"container\">\n\t\t\t\t<div class=\"elementor-element elementor-element-99551b8 elementor-widget elementor-widget-text-editor\" data-id=\"99551b8\" data-element_type=\"widget\" data-widget_type=\"text-editor.default\">\n\t\t\t\t<div class=\"elementor-widget-container\">\n\t\t\t\t\t\t\t<div><div><p><strong>MICROBIOLOG\u00cdA<\/strong><\/p><div><div><p>-Fresco<\/p><\/div><div><p>-Gram<\/p><\/div><div><p>-Cultivo y Antibiograma<\/p><\/div><\/div><\/div><\/div>\t\t\t\t\t\t<\/div>\n\t\t\t\t<\/div>\n\t\t\t\t<\/div>\n\t\t\t\t\t<\/div>\n\t\t\t\t<\/div>\n\t\t\t\t<\/div>\n\t\t","protected":false},"excerpt":{"rendered":"<p>LABORATORIO CL\u00cdNICO Todos nuestros protocolos y procesos para la realizaci\u00f3n de tus ex\u00e1menes de laboratorio [&hellip;]<\/p>\n","protected":false},"author":1,"featured_media":0,"parent":0,"menu_order":0,"comment_status":"closed","ping_status":"closed","template":"","meta":{"footnotes":""},"class_list":["post-359","page","type-page","status-publish","hentry"],"yoast_head":"<!-- This site is optimized with the Yoast SEO plugin v23.7 - https:\/\/yoast.com\/wordpress\/plugins\/seo\/ -->\n<title>LABORATORIO CL\u00cdNICO -<\/title>\n<meta name=\"robots\" content=\"index, follow, max-snippet:-1, max-image-preview:large, max-video-preview:-1\" \/>\n<link rel=\"canonical\" href=\"http:\/\/damadianserviciodesalud.com\/?page_id=359\" \/>\n<meta property=\"og:locale\" content=\"es_ES\" \/>\n<meta property=\"og:type\" content=\"article\" \/>\n<meta property=\"og:title\" content=\"LABORATORIO CL\u00cdNICO -\" \/>\n<meta property=\"og:description\" content=\"LABORATORIO CL\u00cdNICO Todos nuestros protocolos y procesos para la realizaci\u00f3n de tus ex\u00e1menes de laboratorio [&hellip;]\" \/>\n<meta property=\"og:url\" content=\"http:\/\/damadianserviciodesalud.com\/?page_id=359\" \/>\n<meta property=\"article:modified_time\" content=\"2024-11-19T00:22:01+00:00\" \/>\n<meta property=\"og:image\" content=\"http:\/\/damadianserviciodesalud.com\/wp-content\/uploads\/2024\/11\/laboratorio-clinico-en-san-gabriel.png\" \/>\n<meta name=\"twitter:card\" content=\"summary_large_image\" \/>\n<meta name=\"twitter:label1\" content=\"Tiempo de lectura\" \/>\n\t<meta name=\"twitter:data1\" content=\"2 minutos\" \/>\n<script type=\"application\/ld+json\" class=\"yoast-schema-graph\">{\"@context\":\"https:\/\/schema.org\",\"@graph\":[{\"@type\":\"WebPage\",\"@id\":\"http:\/\/damadianserviciodesalud.com\/?page_id=359\",\"url\":\"http:\/\/damadianserviciodesalud.com\/?page_id=359\",\"name\":\"LABORATORIO CL\u00cdNICO -\",\"isPartOf\":{\"@id\":\"https:\/\/damadianserviciodesalud.com\/#website\"},\"primaryImageOfPage\":{\"@id\":\"http:\/\/damadianserviciodesalud.com\/?page_id=359#primaryimage\"},\"image\":{\"@id\":\"http:\/\/damadianserviciodesalud.com\/?page_id=359#primaryimage\"},\"thumbnailUrl\":\"https:\/\/damadianserviciodesalud.com\/wp-content\/uploads\/2024\/11\/laboratorio-clinico-en-san-gabriel.png\",\"datePublished\":\"2024-11-18T23:49:43+00:00\",\"dateModified\":\"2024-11-19T00:22:01+00:00\",\"breadcrumb\":{\"@id\":\"http:\/\/damadianserviciodesalud.com\/?page_id=359#breadcrumb\"},\"inLanguage\":\"es\",\"potentialAction\":[{\"@type\":\"ReadAction\",\"target\":[\"http:\/\/damadianserviciodesalud.com\/?page_id=359\"]}]},{\"@type\":\"ImageObject\",\"inLanguage\":\"es\",\"@id\":\"http:\/\/damadianserviciodesalud.com\/?page_id=359#primaryimage\",\"url\":\"https:\/\/damadianserviciodesalud.com\/wp-content\/uploads\/2024\/11\/laboratorio-clinico-en-san-gabriel.png\",\"contentUrl\":\"https:\/\/damadianserviciodesalud.com\/wp-content\/uploads\/2024\/11\/laboratorio-clinico-en-san-gabriel.png\",\"width\":360,\"height\":360,\"caption\":\"donde -se -encuentra-un-servicio-de-laboratorio-clinico-en-san-gabriel\"},{\"@type\":\"BreadcrumbList\",\"@id\":\"http:\/\/damadianserviciodesalud.com\/?page_id=359#breadcrumb\",\"itemListElement\":[{\"@type\":\"ListItem\",\"position\":1,\"name\":\"Home\",\"item\":\"https:\/\/damadianserviciodesalud.com\/\"},{\"@type\":\"ListItem\",\"position\":2,\"name\":\"LABORATORIO CL\u00cdNICO\"}]},{\"@type\":\"WebSite\",\"@id\":\"https:\/\/damadianserviciodesalud.com\/#website\",\"url\":\"https:\/\/damadianserviciodesalud.com\/\",\"name\":\"\",\"description\":\"servicios de salud en san gabriel\",\"potentialAction\":[{\"@type\":\"SearchAction\",\"target\":{\"@type\":\"EntryPoint\",\"urlTemplate\":\"https:\/\/damadianserviciodesalud.com\/?s={search_term_string}\"},\"query-input\":{\"@type\":\"PropertyValueSpecification\",\"valueRequired\":true,\"valueName\":\"search_term_string\"}}],\"inLanguage\":\"es\"}]}<\/script>\n<!-- \/ Yoast SEO plugin. -->","yoast_head_json":{"title":"LABORATORIO CL\u00cdNICO -","robots":{"index":"index","follow":"follow","max-snippet":"max-snippet:-1","max-image-preview":"max-image-preview:large","max-video-preview":"max-video-preview:-1"},"canonical":"http:\/\/damadianserviciodesalud.com\/?page_id=359","og_locale":"es_ES","og_type":"article","og_title":"LABORATORIO CL\u00cdNICO -","og_description":"LABORATORIO CL\u00cdNICO Todos nuestros protocolos y procesos para la realizaci\u00f3n de tus ex\u00e1menes de laboratorio [&hellip;]","og_url":"http:\/\/damadianserviciodesalud.com\/?page_id=359","article_modified_time":"2024-11-19T00:22:01+00:00","og_image":[{"url":"http:\/\/damadianserviciodesalud.com\/wp-content\/uploads\/2024\/11\/laboratorio-clinico-en-san-gabriel.png"}],"twitter_card":"summary_large_image","twitter_misc":{"Tiempo de lectura":"2 minutos"},"schema":{"@context":"https:\/\/schema.org","@graph":[{"@type":"WebPage","@id":"http:\/\/damadianserviciodesalud.com\/?page_id=359","url":"http:\/\/damadianserviciodesalud.com\/?page_id=359","name":"LABORATORIO CL\u00cdNICO -","isPartOf":{"@id":"https:\/\/damadianserviciodesalud.com\/#website"},"primaryImageOfPage":{"@id":"http:\/\/damadianserviciodesalud.com\/?page_id=359#primaryimage"},"image":{"@id":"http:\/\/damadianserviciodesalud.com\/?page_id=359#primaryimage"},"thumbnailUrl":"https:\/\/damadianserviciodesalud.com\/wp-content\/uploads\/2024\/11\/laboratorio-clinico-en-san-gabriel.png","datePublished":"2024-11-18T23:49:43+00:00","dateModified":"2024-11-19T00:22:01+00:00","breadcrumb":{"@id":"http:\/\/damadianserviciodesalud.com\/?page_id=359#breadcrumb"},"inLanguage":"es","potentialAction":[{"@type":"ReadAction","target":["http:\/\/damadianserviciodesalud.com\/?page_id=359"]}]},{"@type":"ImageObject","inLanguage":"es","@id":"http:\/\/damadianserviciodesalud.com\/?page_id=359#primaryimage","url":"https:\/\/damadianserviciodesalud.com\/wp-content\/uploads\/2024\/11\/laboratorio-clinico-en-san-gabriel.png","contentUrl":"https:\/\/damadianserviciodesalud.com\/wp-content\/uploads\/2024\/11\/laboratorio-clinico-en-san-gabriel.png","width":360,"height":360,"caption":"donde -se -encuentra-un-servicio-de-laboratorio-clinico-en-san-gabriel"},{"@type":"BreadcrumbList","@id":"http:\/\/damadianserviciodesalud.com\/?page_id=359#breadcrumb","itemListElement":[{"@type":"ListItem","position":1,"name":"Home","item":"https:\/\/damadianserviciodesalud.com\/"},{"@type":"ListItem","position":2,"name":"LABORATORIO CL\u00cdNICO"}]},{"@type":"WebSite","@id":"https:\/\/damadianserviciodesalud.com\/#website","url":"https:\/\/damadianserviciodesalud.com\/","name":"","description":"servicios de salud en san gabriel","potentialAction":[{"@type":"SearchAction","target":{"@type":"EntryPoint","urlTemplate":"https:\/\/damadianserviciodesalud.com\/?s={search_term_string}"},"query-input":{"@type":"PropertyValueSpecification","valueRequired":true,"valueName":"search_term_string"}}],"inLanguage":"es"}]}},"_links":{"self":[{"href":"https:\/\/damadianserviciodesalud.com\/index.php?rest_route=\/wp\/v2\/pages\/359","targetHints":{"allow":["GET"]}}],"collection":[{"href":"https:\/\/damadianserviciodesalud.com\/index.php?rest_route=\/wp\/v2\/pages"}],"about":[{"href":"https:\/\/damadianserviciodesalud.com\/index.php?rest_route=\/wp\/v2\/types\/page"}],"author":[{"embeddable":true,"href":"https:\/\/damadianserviciodesalud.com\/index.php?rest_route=\/wp\/v2\/users\/1"}],"replies":[{"embeddable":true,"href":"https:\/\/damadianserviciodesalud.com\/index.php?rest_route=%2Fwp%2Fv2%2Fcomments&post=359"}],"version-history":[{"count":5,"href":"https:\/\/damadianserviciodesalud.com\/index.php?rest_route=\/wp\/v2\/pages\/359\/revisions"}],"predecessor-version":[{"id":391,"href":"https:\/\/damadianserviciodesalud.com\/index.php?rest_route=\/wp\/v2\/pages\/359\/revisions\/391"}],"wp:attachment":[{"href":"https:\/\/damadianserviciodesalud.com\/index.php?rest_route=%2Fwp%2Fv2%2Fmedia&parent=359"}],"curies":[{"name":"wp","href":"https:\/\/api.w.org\/{rel}","templated":true}]}}