{"id":337,"date":"2024-11-18T23:35:44","date_gmt":"2024-11-18T23:35:44","guid":{"rendered":"https:\/\/damadianserviciodesalud.com\/?page_id=337"},"modified":"2024-12-06T22:50:17","modified_gmt":"2024-12-06T22:50:17","slug":"especialidades-medicas","status":"publish","type":"page","link":"https:\/\/damadianserviciodesalud.com\/?page_id=337","title":{"rendered":"ESPECIALIDADES M\u00c9DICAS"},"content":{"rendered":"\t\t<div data-elementor-type=\"wp-page\" data-elementor-id=\"337\" class=\"elementor elementor-337\">\n\t\t\t\t<div class=\"elementor-element elementor-element-2bd0c0e e-flex e-con-boxed e-con e-parent\" data-id=\"2bd0c0e\" data-element_type=\"container\">\n\t\t\t\t\t<div class=\"e-con-inner\">\n\t\t<div class=\"elementor-element elementor-element-5e4eed9 e-con-full e-flex e-con e-child\" data-id=\"5e4eed9\" data-element_type=\"container\">\n\t\t\t\t<div class=\"elementor-element elementor-element-72769a9 elementor-widget elementor-widget-image\" data-id=\"72769a9\" data-element_type=\"widget\" data-widget_type=\"image.default\">\n\t\t\t\t<div class=\"elementor-widget-container\">\n\t\t\t\t\t\t\t\t\t\t\t\t\t<img fetchpriority=\"high\" decoding=\"async\" width=\"360\" height=\"360\" src=\"https:\/\/damadianserviciodesalud.com\/wp-content\/uploads\/2024\/11\/especialidades-medicas-en-san-gabriel.png\" class=\"attachment-large size-large wp-image-199\" alt=\"ESPECIALISTAS EN SAN GABRIEL\" srcset=\"https:\/\/damadianserviciodesalud.com\/wp-content\/uploads\/2024\/11\/especialidades-medicas-en-san-gabriel.png 360w, https:\/\/damadianserviciodesalud.com\/wp-content\/uploads\/2024\/11\/especialidades-medicas-en-san-gabriel-300x300.png 300w, https:\/\/damadianserviciodesalud.com\/wp-content\/uploads\/2024\/11\/especialidades-medicas-en-san-gabriel-150x150.png 150w\" sizes=\"(max-width: 360px) 100vw, 360px\" \/>\t\t\t\t\t\t\t\t\t\t\t\t\t<\/div>\n\t\t\t\t<\/div>\n\t\t\t\t<\/div>\n\t\t<div class=\"elementor-element elementor-element-dbe7dd5 e-con-full e-flex e-con e-child\" data-id=\"dbe7dd5\" data-element_type=\"container\">\n\t\t<div class=\"elementor-element elementor-element-da05b2b e-con-full e-flex e-con e-child\" data-id=\"da05b2b\" data-element_type=\"container\">\n\t\t\t\t<div class=\"elementor-element elementor-element-b6fef7b elementor-widget elementor-widget-heading\" data-id=\"b6fef7b\" data-element_type=\"widget\" data-widget_type=\"heading.default\">\n\t\t\t\t<div class=\"elementor-widget-container\">\n\t\t\t<h2 class=\"elementor-heading-title elementor-size-default\">ESPECIALIDADES M\u00c9DICAS<\/h2>\t\t<\/div>\n\t\t\t\t<\/div>\n\t\t\t\t<\/div>\n\t\t<div class=\"elementor-element elementor-element-0a2d9a1 e-con-full e-flex e-con e-child\" data-id=\"0a2d9a1\" data-element_type=\"container\">\n\t\t\t\t<div class=\"elementor-element elementor-element-bec9dc8 elementor-widget elementor-widget-text-editor\" data-id=\"bec9dc8\" data-element_type=\"widget\" data-widget_type=\"text-editor.default\">\n\t\t\t\t<div class=\"elementor-widget-container\">\n\t\t\t\t\t\t\t<div>\n<div>\n<p>-Chequeos m\u00e9dicos preventivos.<\/p>\n<\/div>\n<div>\n<p>-Atenci\u00f3n a pacientes cr\u00f3nicos: hipertensi\u00f3n arterial.<\/p>\n<\/div>\n<div>\n<p>-Atenci\u00f3n a pacientes cr\u00f3nicos: diabetes.<\/p>\n<\/div>\n<div>\n<p>-Atenci\u00f3n a pacientes cr\u00f3nicos: EPOC.<\/p>\n<\/div>\n<div>\n<p>-Atenci\u00f3n a pacientes cr\u00f3nicos: obesidad.<\/p>\n<\/div>\n<div>\n<p>-Atenci\u00f3n a pacientes cr\u00f3nicos: hipercolesterolemia.<\/p>\n<\/div>\n<div>\n<p>-Servicio Atenci\u00f3n al enfermo terminal.<\/p>\n<\/div>\n<div>\n<p>-Alteraciones Hormonales.<\/p>\n<\/div>\n<div>\n<p>-Detecci\u00f3n C\u00e1ncer.<\/p>\n<\/div>\n<\/div>\t\t\t\t\t\t<\/div>\n\t\t\t\t<\/div>\n\t\t\t\t<\/div>\n\t\t\t\t<\/div>\n\t\t\t\t\t<\/div>\n\t\t\t\t<\/div>\n\t\t\t\t<\/div>\n\t\t","protected":false},"excerpt":{"rendered":"<p>ESPECIALIDADES M\u00c9DICAS -Chequeos m\u00e9dicos preventivos. -Atenci\u00f3n a pacientes cr\u00f3nicos: hipertensi\u00f3n arterial. -Atenci\u00f3n a pacientes cr\u00f3nicos: [&hellip;]<\/p>\n","protected":false},"author":1,"featured_media":0,"parent":0,"menu_order":0,"comment_status":"closed","ping_status":"closed","template":"","meta":{"footnotes":""},"class_list":["post-337","page","type-page","status-publish","hentry"],"yoast_head":"<!-- This site is optimized with the Yoast SEO plugin v23.7 - https:\/\/yoast.com\/wordpress\/plugins\/seo\/ -->\n<title>ESPECIALIDADES M\u00c9DICAS -<\/title>\n<meta name=\"robots\" content=\"index, follow, max-snippet:-1, max-image-preview:large, max-video-preview:-1\" \/>\n<link rel=\"canonical\" href=\"http:\/\/damadianserviciodesalud.com\/?page_id=337\" \/>\n<meta property=\"og:locale\" content=\"es_ES\" \/>\n<meta property=\"og:type\" content=\"article\" \/>\n<meta property=\"og:title\" content=\"ESPECIALIDADES M\u00c9DICAS -\" \/>\n<meta property=\"og:description\" content=\"ESPECIALIDADES M\u00c9DICAS -Chequeos m\u00e9dicos preventivos. -Atenci\u00f3n a pacientes cr\u00f3nicos: hipertensi\u00f3n arterial. -Atenci\u00f3n a pacientes cr\u00f3nicos: [&hellip;]\" \/>\n<meta property=\"og:url\" content=\"http:\/\/damadianserviciodesalud.com\/?page_id=337\" \/>\n<meta property=\"article:modified_time\" content=\"2024-12-06T22:50:17+00:00\" \/>\n<meta property=\"og:image\" content=\"http:\/\/damadianserviciodesalud.com\/wp-content\/uploads\/2024\/11\/especialidades-medicas-en-san-gabriel.png\" \/>\n<meta name=\"twitter:card\" content=\"summary_large_image\" \/>\n<meta name=\"twitter:label1\" content=\"Tiempo de lectura\" \/>\n\t<meta name=\"twitter:data1\" content=\"1 minuto\" \/>\n<script type=\"application\/ld+json\" class=\"yoast-schema-graph\">{\"@context\":\"https:\/\/schema.org\",\"@graph\":[{\"@type\":\"WebPage\",\"@id\":\"http:\/\/damadianserviciodesalud.com\/?page_id=337\",\"url\":\"http:\/\/damadianserviciodesalud.com\/?page_id=337\",\"name\":\"ESPECIALIDADES M\u00c9DICAS -\",\"isPartOf\":{\"@id\":\"https:\/\/damadianserviciodesalud.com\/#website\"},\"primaryImageOfPage\":{\"@id\":\"http:\/\/damadianserviciodesalud.com\/?page_id=337#primaryimage\"},\"image\":{\"@id\":\"http:\/\/damadianserviciodesalud.com\/?page_id=337#primaryimage\"},\"thumbnailUrl\":\"https:\/\/damadianserviciodesalud.com\/wp-content\/uploads\/2024\/11\/especialidades-medicas-en-san-gabriel.png\",\"datePublished\":\"2024-11-18T23:35:44+00:00\",\"dateModified\":\"2024-12-06T22:50:17+00:00\",\"breadcrumb\":{\"@id\":\"http:\/\/damadianserviciodesalud.com\/?page_id=337#breadcrumb\"},\"inLanguage\":\"es\",\"potentialAction\":[{\"@type\":\"ReadAction\",\"target\":[\"http:\/\/damadianserviciodesalud.com\/?page_id=337\"]}]},{\"@type\":\"ImageObject\",\"inLanguage\":\"es\",\"@id\":\"http:\/\/damadianserviciodesalud.com\/?page_id=337#primaryimage\",\"url\":\"https:\/\/damadianserviciodesalud.com\/wp-content\/uploads\/2024\/11\/especialidades-medicas-en-san-gabriel.png\",\"contentUrl\":\"https:\/\/damadianserviciodesalud.com\/wp-content\/uploads\/2024\/11\/especialidades-medicas-en-san-gabriel.png\",\"width\":360,\"height\":360,\"caption\":\"especialistas medicoos en la ciudad de san gabriel\"},{\"@type\":\"BreadcrumbList\",\"@id\":\"http:\/\/damadianserviciodesalud.com\/?page_id=337#breadcrumb\",\"itemListElement\":[{\"@type\":\"ListItem\",\"position\":1,\"name\":\"Home\",\"item\":\"https:\/\/damadianserviciodesalud.com\/\"},{\"@type\":\"ListItem\",\"position\":2,\"name\":\"ESPECIALIDADES M\u00c9DICAS\"}]},{\"@type\":\"WebSite\",\"@id\":\"https:\/\/damadianserviciodesalud.com\/#website\",\"url\":\"https:\/\/damadianserviciodesalud.com\/\",\"name\":\"\",\"description\":\"servicios de salud en san gabriel\",\"potentialAction\":[{\"@type\":\"SearchAction\",\"target\":{\"@type\":\"EntryPoint\",\"urlTemplate\":\"https:\/\/damadianserviciodesalud.com\/?s={search_term_string}\"},\"query-input\":{\"@type\":\"PropertyValueSpecification\",\"valueRequired\":true,\"valueName\":\"search_term_string\"}}],\"inLanguage\":\"es\"}]}<\/script>\n<!-- \/ Yoast SEO plugin. -->","yoast_head_json":{"title":"ESPECIALIDADES M\u00c9DICAS -","robots":{"index":"index","follow":"follow","max-snippet":"max-snippet:-1","max-image-preview":"max-image-preview:large","max-video-preview":"max-video-preview:-1"},"canonical":"http:\/\/damadianserviciodesalud.com\/?page_id=337","og_locale":"es_ES","og_type":"article","og_title":"ESPECIALIDADES M\u00c9DICAS -","og_description":"ESPECIALIDADES M\u00c9DICAS -Chequeos m\u00e9dicos preventivos. -Atenci\u00f3n a pacientes cr\u00f3nicos: hipertensi\u00f3n arterial. -Atenci\u00f3n a pacientes cr\u00f3nicos: [&hellip;]","og_url":"http:\/\/damadianserviciodesalud.com\/?page_id=337","article_modified_time":"2024-12-06T22:50:17+00:00","og_image":[{"url":"http:\/\/damadianserviciodesalud.com\/wp-content\/uploads\/2024\/11\/especialidades-medicas-en-san-gabriel.png"}],"twitter_card":"summary_large_image","twitter_misc":{"Tiempo de lectura":"1 minuto"},"schema":{"@context":"https:\/\/schema.org","@graph":[{"@type":"WebPage","@id":"http:\/\/damadianserviciodesalud.com\/?page_id=337","url":"http:\/\/damadianserviciodesalud.com\/?page_id=337","name":"ESPECIALIDADES M\u00c9DICAS -","isPartOf":{"@id":"https:\/\/damadianserviciodesalud.com\/#website"},"primaryImageOfPage":{"@id":"http:\/\/damadianserviciodesalud.com\/?page_id=337#primaryimage"},"image":{"@id":"http:\/\/damadianserviciodesalud.com\/?page_id=337#primaryimage"},"thumbnailUrl":"https:\/\/damadianserviciodesalud.com\/wp-content\/uploads\/2024\/11\/especialidades-medicas-en-san-gabriel.png","datePublished":"2024-11-18T23:35:44+00:00","dateModified":"2024-12-06T22:50:17+00:00","breadcrumb":{"@id":"http:\/\/damadianserviciodesalud.com\/?page_id=337#breadcrumb"},"inLanguage":"es","potentialAction":[{"@type":"ReadAction","target":["http:\/\/damadianserviciodesalud.com\/?page_id=337"]}]},{"@type":"ImageObject","inLanguage":"es","@id":"http:\/\/damadianserviciodesalud.com\/?page_id=337#primaryimage","url":"https:\/\/damadianserviciodesalud.com\/wp-content\/uploads\/2024\/11\/especialidades-medicas-en-san-gabriel.png","contentUrl":"https:\/\/damadianserviciodesalud.com\/wp-content\/uploads\/2024\/11\/especialidades-medicas-en-san-gabriel.png","width":360,"height":360,"caption":"especialistas medicoos en la ciudad de san gabriel"},{"@type":"BreadcrumbList","@id":"http:\/\/damadianserviciodesalud.com\/?page_id=337#breadcrumb","itemListElement":[{"@type":"ListItem","position":1,"name":"Home","item":"https:\/\/damadianserviciodesalud.com\/"},{"@type":"ListItem","position":2,"name":"ESPECIALIDADES M\u00c9DICAS"}]},{"@type":"WebSite","@id":"https:\/\/damadianserviciodesalud.com\/#website","url":"https:\/\/damadianserviciodesalud.com\/","name":"","description":"servicios de salud en san gabriel","potentialAction":[{"@type":"SearchAction","target":{"@type":"EntryPoint","urlTemplate":"https:\/\/damadianserviciodesalud.com\/?s={search_term_string}"},"query-input":{"@type":"PropertyValueSpecification","valueRequired":true,"valueName":"search_term_string"}}],"inLanguage":"es"}]}},"_links":{"self":[{"href":"https:\/\/damadianserviciodesalud.com\/index.php?rest_route=\/wp\/v2\/pages\/337","targetHints":{"allow":["GET"]}}],"collection":[{"href":"https:\/\/damadianserviciodesalud.com\/index.php?rest_route=\/wp\/v2\/pages"}],"about":[{"href":"https:\/\/damadianserviciodesalud.com\/index.php?rest_route=\/wp\/v2\/types\/page"}],"author":[{"embeddable":true,"href":"https:\/\/damadianserviciodesalud.com\/index.php?rest_route=\/wp\/v2\/users\/1"}],"replies":[{"embeddable":true,"href":"https:\/\/damadianserviciodesalud.com\/index.php?rest_route=%2Fwp%2Fv2%2Fcomments&post=337"}],"version-history":[{"count":5,"href":"https:\/\/damadianserviciodesalud.com\/index.php?rest_route=\/wp\/v2\/pages\/337\/revisions"}],"predecessor-version":[{"id":848,"href":"https:\/\/damadianserviciodesalud.com\/index.php?rest_route=\/wp\/v2\/pages\/337\/revisions\/848"}],"wp:attachment":[{"href":"https:\/\/damadianserviciodesalud.com\/index.php?rest_route=%2Fwp%2Fv2%2Fmedia&parent=337"}],"curies":[{"name":"wp","href":"https:\/\/api.w.org\/{rel}","templated":true}]}}