{"id":305,"date":"2024-11-18T23:06:22","date_gmt":"2024-11-18T23:06:22","guid":{"rendered":"https:\/\/damadianserviciodesalud.com\/?page_id=305"},"modified":"2024-12-06T22:41:18","modified_gmt":"2024-12-06T22:41:18","slug":"brizy-305","status":"publish","type":"page","link":"https:\/\/damadianserviciodesalud.com\/?page_id=305","title":{"rendered":"MEDICINA GENERAL"},"content":{"rendered":"\t\t<div data-elementor-type=\"wp-page\" data-elementor-id=\"305\" class=\"elementor elementor-305\">\n\t\t\t\t<div class=\"elementor-element elementor-element-79bdc6f e-flex e-con-boxed e-con e-parent\" data-id=\"79bdc6f\" data-element_type=\"container\">\n\t\t\t\t\t<div class=\"e-con-inner\">\n\t\t<div class=\"elementor-element elementor-element-df0c7dd e-con-full e-flex e-con e-child\" data-id=\"df0c7dd\" data-element_type=\"container\">\n\t\t\t\t<div class=\"elementor-element elementor-element-b48c5ba elementor-widget elementor-widget-image\" data-id=\"b48c5ba\" data-element_type=\"widget\" data-widget_type=\"image.default\">\n\t\t\t\t<div class=\"elementor-widget-container\">\n\t\t\t\t\t\t\t\t\t\t\t\t\t<img fetchpriority=\"high\" decoding=\"async\" width=\"360\" height=\"360\" src=\"https:\/\/damadianserviciodesalud.com\/wp-content\/uploads\/2024\/11\/medicina-general-en-san-gabriel.png\" class=\"attachment-large size-large wp-image-194\" alt=\"SERVICIOS-DE-MEDICINA\" srcset=\"https:\/\/damadianserviciodesalud.com\/wp-content\/uploads\/2024\/11\/medicina-general-en-san-gabriel.png 360w, https:\/\/damadianserviciodesalud.com\/wp-content\/uploads\/2024\/11\/medicina-general-en-san-gabriel-300x300.png 300w, https:\/\/damadianserviciodesalud.com\/wp-content\/uploads\/2024\/11\/medicina-general-en-san-gabriel-150x150.png 150w\" sizes=\"(max-width: 360px) 100vw, 360px\" \/>\t\t\t\t\t\t\t\t\t\t\t\t\t<\/div>\n\t\t\t\t<\/div>\n\t\t\t\t<\/div>\n\t\t<div class=\"elementor-element elementor-element-bf75da3 e-con-full e-flex e-con e-child\" data-id=\"bf75da3\" data-element_type=\"container\">\n\t\t<div class=\"elementor-element elementor-element-196884f e-con-full e-flex e-con e-child\" data-id=\"196884f\" data-element_type=\"container\">\n\t\t\t\t<div class=\"elementor-element elementor-element-7c4a690 elementor-widget elementor-widget-heading\" data-id=\"7c4a690\" data-element_type=\"widget\" data-widget_type=\"heading.default\">\n\t\t\t\t<div class=\"elementor-widget-container\">\n\t\t\t<h2 class=\"elementor-heading-title elementor-size-default\">MEDICINA GENERAL<\/h2>\t\t<\/div>\n\t\t\t\t<\/div>\n\t\t\t\t<\/div>\n\t\t<div class=\"elementor-element elementor-element-9a450e7 e-con-full e-flex e-con e-child\" data-id=\"9a450e7\" data-element_type=\"container\">\n\t\t\t\t<div class=\"elementor-element elementor-element-eb905bf elementor-widget elementor-widget-text-editor\" data-id=\"eb905bf\" data-element_type=\"widget\" data-widget_type=\"text-editor.default\">\n\t\t\t\t<div class=\"elementor-widget-container\">\n\t\t\t\t\t\t\t<div>\n<div>\n<p>.-Control m\u00e9dico del ni\u00f1o sano.<\/p>\n<\/div>\n<div>\n<p>-Control m\u00e9dico de adolescentes.<\/p>\n<\/div>\n<div>\n<p>-Control m\u00e9dico del adulto.<\/p>\n<\/div>\n<div>\n<p>-Atenci\u00f3n del adulto mayor.<\/p>\n<\/div>\n<div>\n<p>-Chequeos m\u00e9dicos preventivos.<\/p>\n<\/div>\n<div>\n<p>-Servicio Atenci\u00f3n al -enfermo terminal.<\/p>\n<\/div>\n<div>\n<p>-Enfermedades cr\u00f3nicas: hipertensi\u00f3n arterial, diabetes.<\/p>\n<\/div>\n<\/div>\t\t\t\t\t\t<\/div>\n\t\t\t\t<\/div>\n\t\t\t\t<\/div>\n\t\t\t\t<\/div>\n\t\t\t\t\t<\/div>\n\t\t\t\t<\/div>\n\t\t\t\t<\/div>\n\t\t","protected":false},"excerpt":{"rendered":"<p>MEDICINA GENERAL .-Control m\u00e9dico del ni\u00f1o sano. -Control m\u00e9dico de adolescentes. -Control m\u00e9dico del adulto. [&hellip;]<\/p>\n","protected":false},"author":1,"featured_media":0,"parent":0,"menu_order":0,"comment_status":"closed","ping_status":"closed","template":"brizy-blank-template.php","meta":{"footnotes":""},"class_list":["post-305","page","type-page","status-publish","hentry"],"yoast_head":"<!-- This site is optimized with the Yoast SEO plugin v23.7 - https:\/\/yoast.com\/wordpress\/plugins\/seo\/ -->\n<title>MEDICINA GENERAL -<\/title>\n<meta name=\"robots\" content=\"index, follow, max-snippet:-1, max-image-preview:large, max-video-preview:-1\" \/>\n<link rel=\"canonical\" href=\"http:\/\/damadianserviciodesalud.com\/?page_id=305\" \/>\n<meta property=\"og:locale\" content=\"es_ES\" \/>\n<meta property=\"og:type\" content=\"article\" \/>\n<meta property=\"og:title\" content=\"MEDICINA GENERAL -\" \/>\n<meta property=\"og:description\" content=\"MEDICINA GENERAL .-Control m\u00e9dico del ni\u00f1o sano. -Control m\u00e9dico de adolescentes. -Control m\u00e9dico del adulto. [&hellip;]\" \/>\n<meta property=\"og:url\" content=\"http:\/\/damadianserviciodesalud.com\/?page_id=305\" \/>\n<meta property=\"article:modified_time\" content=\"2024-12-06T22:41:18+00:00\" \/>\n<meta property=\"og:image\" content=\"http:\/\/damadianserviciodesalud.com\/wp-content\/uploads\/2024\/11\/medicina-general-en-san-gabriel.png\" \/>\n<meta name=\"twitter:card\" content=\"summary_large_image\" \/>\n<meta name=\"twitter:label1\" content=\"Tiempo de lectura\" \/>\n\t<meta name=\"twitter:data1\" content=\"1 minuto\" \/>\n<script type=\"application\/ld+json\" class=\"yoast-schema-graph\">{\"@context\":\"https:\/\/schema.org\",\"@graph\":[{\"@type\":\"WebPage\",\"@id\":\"http:\/\/damadianserviciodesalud.com\/?page_id=305\",\"url\":\"http:\/\/damadianserviciodesalud.com\/?page_id=305\",\"name\":\"MEDICINA GENERAL -\",\"isPartOf\":{\"@id\":\"https:\/\/damadianserviciodesalud.com\/#website\"},\"primaryImageOfPage\":{\"@id\":\"http:\/\/damadianserviciodesalud.com\/?page_id=305#primaryimage\"},\"image\":{\"@id\":\"http:\/\/damadianserviciodesalud.com\/?page_id=305#primaryimage\"},\"thumbnailUrl\":\"https:\/\/damadianserviciodesalud.com\/wp-content\/uploads\/2024\/11\/medicina-general-en-san-gabriel.png\",\"datePublished\":\"2024-11-18T23:06:22+00:00\",\"dateModified\":\"2024-12-06T22:41:18+00:00\",\"breadcrumb\":{\"@id\":\"http:\/\/damadianserviciodesalud.com\/?page_id=305#breadcrumb\"},\"inLanguage\":\"es\",\"potentialAction\":[{\"@type\":\"ReadAction\",\"target\":[\"http:\/\/damadianserviciodesalud.com\/?page_id=305\"]}]},{\"@type\":\"ImageObject\",\"inLanguage\":\"es\",\"@id\":\"http:\/\/damadianserviciodesalud.com\/?page_id=305#primaryimage\",\"url\":\"https:\/\/damadianserviciodesalud.com\/wp-content\/uploads\/2024\/11\/medicina-general-en-san-gabriel.png\",\"contentUrl\":\"https:\/\/damadianserviciodesalud.com\/wp-content\/uploads\/2024\/11\/medicina-general-en-san-gabriel.png\",\"width\":360,\"height\":360,\"caption\":\"DAMADIAN-SERVICIOS-DE-SALUD\"},{\"@type\":\"BreadcrumbList\",\"@id\":\"http:\/\/damadianserviciodesalud.com\/?page_id=305#breadcrumb\",\"itemListElement\":[{\"@type\":\"ListItem\",\"position\":1,\"name\":\"Home\",\"item\":\"https:\/\/damadianserviciodesalud.com\/\"},{\"@type\":\"ListItem\",\"position\":2,\"name\":\"MEDICINA GENERAL\"}]},{\"@type\":\"WebSite\",\"@id\":\"https:\/\/damadianserviciodesalud.com\/#website\",\"url\":\"https:\/\/damadianserviciodesalud.com\/\",\"name\":\"\",\"description\":\"servicios de salud en san gabriel\",\"potentialAction\":[{\"@type\":\"SearchAction\",\"target\":{\"@type\":\"EntryPoint\",\"urlTemplate\":\"https:\/\/damadianserviciodesalud.com\/?s={search_term_string}\"},\"query-input\":{\"@type\":\"PropertyValueSpecification\",\"valueRequired\":true,\"valueName\":\"search_term_string\"}}],\"inLanguage\":\"es\"}]}<\/script>\n<!-- \/ Yoast SEO plugin. -->","yoast_head_json":{"title":"MEDICINA GENERAL -","robots":{"index":"index","follow":"follow","max-snippet":"max-snippet:-1","max-image-preview":"max-image-preview:large","max-video-preview":"max-video-preview:-1"},"canonical":"http:\/\/damadianserviciodesalud.com\/?page_id=305","og_locale":"es_ES","og_type":"article","og_title":"MEDICINA GENERAL -","og_description":"MEDICINA GENERAL .-Control m\u00e9dico del ni\u00f1o sano. -Control m\u00e9dico de adolescentes. -Control m\u00e9dico del adulto. [&hellip;]","og_url":"http:\/\/damadianserviciodesalud.com\/?page_id=305","article_modified_time":"2024-12-06T22:41:18+00:00","og_image":[{"url":"http:\/\/damadianserviciodesalud.com\/wp-content\/uploads\/2024\/11\/medicina-general-en-san-gabriel.png"}],"twitter_card":"summary_large_image","twitter_misc":{"Tiempo de lectura":"1 minuto"},"schema":{"@context":"https:\/\/schema.org","@graph":[{"@type":"WebPage","@id":"http:\/\/damadianserviciodesalud.com\/?page_id=305","url":"http:\/\/damadianserviciodesalud.com\/?page_id=305","name":"MEDICINA GENERAL -","isPartOf":{"@id":"https:\/\/damadianserviciodesalud.com\/#website"},"primaryImageOfPage":{"@id":"http:\/\/damadianserviciodesalud.com\/?page_id=305#primaryimage"},"image":{"@id":"http:\/\/damadianserviciodesalud.com\/?page_id=305#primaryimage"},"thumbnailUrl":"https:\/\/damadianserviciodesalud.com\/wp-content\/uploads\/2024\/11\/medicina-general-en-san-gabriel.png","datePublished":"2024-11-18T23:06:22+00:00","dateModified":"2024-12-06T22:41:18+00:00","breadcrumb":{"@id":"http:\/\/damadianserviciodesalud.com\/?page_id=305#breadcrumb"},"inLanguage":"es","potentialAction":[{"@type":"ReadAction","target":["http:\/\/damadianserviciodesalud.com\/?page_id=305"]}]},{"@type":"ImageObject","inLanguage":"es","@id":"http:\/\/damadianserviciodesalud.com\/?page_id=305#primaryimage","url":"https:\/\/damadianserviciodesalud.com\/wp-content\/uploads\/2024\/11\/medicina-general-en-san-gabriel.png","contentUrl":"https:\/\/damadianserviciodesalud.com\/wp-content\/uploads\/2024\/11\/medicina-general-en-san-gabriel.png","width":360,"height":360,"caption":"DAMADIAN-SERVICIOS-DE-SALUD"},{"@type":"BreadcrumbList","@id":"http:\/\/damadianserviciodesalud.com\/?page_id=305#breadcrumb","itemListElement":[{"@type":"ListItem","position":1,"name":"Home","item":"https:\/\/damadianserviciodesalud.com\/"},{"@type":"ListItem","position":2,"name":"MEDICINA GENERAL"}]},{"@type":"WebSite","@id":"https:\/\/damadianserviciodesalud.com\/#website","url":"https:\/\/damadianserviciodesalud.com\/","name":"","description":"servicios de salud en san gabriel","potentialAction":[{"@type":"SearchAction","target":{"@type":"EntryPoint","urlTemplate":"https:\/\/damadianserviciodesalud.com\/?s={search_term_string}"},"query-input":{"@type":"PropertyValueSpecification","valueRequired":true,"valueName":"search_term_string"}}],"inLanguage":"es"}]}},"_links":{"self":[{"href":"https:\/\/damadianserviciodesalud.com\/index.php?rest_route=\/wp\/v2\/pages\/305","targetHints":{"allow":["GET"]}}],"collection":[{"href":"https:\/\/damadianserviciodesalud.com\/index.php?rest_route=\/wp\/v2\/pages"}],"about":[{"href":"https:\/\/damadianserviciodesalud.com\/index.php?rest_route=\/wp\/v2\/types\/page"}],"author":[{"embeddable":true,"href":"https:\/\/damadianserviciodesalud.com\/index.php?rest_route=\/wp\/v2\/users\/1"}],"replies":[{"embeddable":true,"href":"https:\/\/damadianserviciodesalud.com\/index.php?rest_route=%2Fwp%2Fv2%2Fcomments&post=305"}],"version-history":[{"count":5,"href":"https:\/\/damadianserviciodesalud.com\/index.php?rest_route=\/wp\/v2\/pages\/305\/revisions"}],"predecessor-version":[{"id":842,"href":"https:\/\/damadianserviciodesalud.com\/index.php?rest_route=\/wp\/v2\/pages\/305\/revisions\/842"}],"wp:attachment":[{"href":"https:\/\/damadianserviciodesalud.com\/index.php?rest_route=%2Fwp%2Fv2%2Fmedia&parent=305"}],"curies":[{"name":"wp","href":"https:\/\/api.w.org\/{rel}","templated":true}]}}