{"id":244,"date":"2024-11-18T22:01:59","date_gmt":"2024-11-18T22:01:59","guid":{"rendered":"https:\/\/damadianserviciodesalud.com\/?page_id=244"},"modified":"2024-12-06T22:38:37","modified_gmt":"2024-12-06T22:38:37","slug":"emergencias","status":"publish","type":"page","link":"https:\/\/damadianserviciodesalud.com\/?page_id=244","title":{"rendered":"EMERGENCIAS"},"content":{"rendered":"\t\t<div data-elementor-type=\"wp-page\" data-elementor-id=\"244\" class=\"elementor elementor-244\">\n\t\t\t\t<div class=\"elementor-element elementor-element-af749f9 e-flex e-con-boxed e-con e-parent\" data-id=\"af749f9\" data-element_type=\"container\">\n\t\t\t\t\t<div class=\"e-con-inner\">\n\t\t<div class=\"elementor-element elementor-element-705162b e-con-full e-flex e-con e-child\" data-id=\"705162b\" data-element_type=\"container\">\n\t\t\t\t<div class=\"elementor-element elementor-element-5f8b18e elementor-widget elementor-widget-image\" data-id=\"5f8b18e\" data-element_type=\"widget\" data-widget_type=\"image.default\">\n\t\t\t\t<div class=\"elementor-widget-container\">\n\t\t\t\t\t\t\t\t\t\t\t\t\t<img fetchpriority=\"high\" decoding=\"async\" width=\"360\" height=\"360\" src=\"https:\/\/damadianserviciodesalud.com\/wp-content\/uploads\/2024\/11\/damadian-servicios-de-salud-6.png\" class=\"attachment-large size-large wp-image-292\" alt=\"servicios-de-emergencias\" srcset=\"https:\/\/damadianserviciodesalud.com\/wp-content\/uploads\/2024\/11\/damadian-servicios-de-salud-6.png 360w, https:\/\/damadianserviciodesalud.com\/wp-content\/uploads\/2024\/11\/damadian-servicios-de-salud-6-300x300.png 300w, https:\/\/damadianserviciodesalud.com\/wp-content\/uploads\/2024\/11\/damadian-servicios-de-salud-6-150x150.png 150w\" sizes=\"(max-width: 360px) 100vw, 360px\" \/>\t\t\t\t\t\t\t\t\t\t\t\t\t<\/div>\n\t\t\t\t<\/div>\n\t\t\t\t<\/div>\n\t\t<div class=\"elementor-element elementor-element-9a50a28 e-con-full e-flex e-con e-child\" data-id=\"9a50a28\" data-element_type=\"container\">\n\t\t<div class=\"elementor-element elementor-element-fcef542 e-con-full e-flex e-con e-child\" data-id=\"fcef542\" data-element_type=\"container\">\n\t\t\t\t<div class=\"elementor-element elementor-element-d41a102 elementor-widget elementor-widget-text-editor\" data-id=\"d41a102\" data-element_type=\"widget\" data-widget_type=\"text-editor.default\">\n\t\t\t\t<div class=\"elementor-widget-container\">\n\t\t\t\t\t\t\t<div><div><p>\u00c1rea enfocada en la atenci\u00f3n prehospitalaria de pacientes de trauma, emergencias cl\u00ednicas, atenciones gineco \u2013 obst\u00e9tricas, embarazadas con el fin de salvaguardar la vida y prevenir lesiones subsecuentes, con destrezas en la evaluaci\u00f3n haciendo uso de los protocolos correspondientes para salvaguardar la vida de los pacientes.<\/p><\/div><\/div><p>\u00a0<\/p>\t\t\t\t\t\t<\/div>\n\t\t\t\t<\/div>\n\t\t\t\t<\/div>\n\t\t<div class=\"elementor-element elementor-element-b4a3cfa e-con-full e-flex e-con e-child\" data-id=\"b4a3cfa\" data-element_type=\"container\">\n\t\t\t\t<\/div>\n\t\t\t\t<\/div>\n\t\t\t\t\t<\/div>\n\t\t\t\t<\/div>\n\t\t\t\t<\/div>\n\t\t","protected":false},"excerpt":{"rendered":"<p>\u00c1rea enfocada en la atenci\u00f3n prehospitalaria de pacientes de trauma, emergencias cl\u00ednicas, atenciones gineco \u2013 [&hellip;]<\/p>\n","protected":false},"author":1,"featured_media":188,"parent":0,"menu_order":0,"comment_status":"closed","ping_status":"closed","template":"brizy-blank-template.php","meta":{"footnotes":""},"class_list":["post-244","page","type-page","status-publish","has-post-thumbnail","hentry"],"yoast_head":"<!-- This site is optimized with the Yoast SEO plugin v23.7 - https:\/\/yoast.com\/wordpress\/plugins\/seo\/ -->\n<title>EMERGENCIAS -<\/title>\n<meta name=\"description\" content=\"Te encuentras atravesando una emergencia m\u00e9dica no te preocupes nosotros te damos la soluci\u00f3n que tu salud necesita\" \/>\n<meta name=\"robots\" content=\"index, follow, max-snippet:-1, max-image-preview:large, max-video-preview:-1\" \/>\n<link rel=\"canonical\" href=\"http:\/\/damadianserviciodesalud.com\/?page_id=244\" \/>\n<meta property=\"og:locale\" content=\"es_ES\" \/>\n<meta property=\"og:type\" content=\"article\" \/>\n<meta property=\"og:title\" content=\"EMERGENCIAS -\" \/>\n<meta property=\"og:description\" content=\"Te encuentras atravesando una emergencia m\u00e9dica no te preocupes nosotros te damos la soluci\u00f3n que tu salud necesita\" \/>\n<meta property=\"og:url\" content=\"http:\/\/damadianserviciodesalud.com\/?page_id=244\" \/>\n<meta property=\"article:modified_time\" content=\"2024-12-06T22:38:37+00:00\" \/>\n<meta property=\"og:image\" content=\"http:\/\/damadianserviciodesalud.com\/wp-content\/uploads\/2024\/11\/damadian-servicios-de-salud-4.png\" \/>\n\t<meta property=\"og:image:width\" content=\"360\" \/>\n\t<meta property=\"og:image:height\" content=\"360\" \/>\n\t<meta property=\"og:image:type\" content=\"image\/png\" \/>\n<meta name=\"twitter:card\" content=\"summary_large_image\" \/>\n<meta name=\"twitter:label1\" content=\"Tiempo de lectura\" \/>\n\t<meta name=\"twitter:data1\" content=\"1 minuto\" \/>\n<script type=\"application\/ld+json\" class=\"yoast-schema-graph\">{\"@context\":\"https:\/\/schema.org\",\"@graph\":[{\"@type\":\"WebPage\",\"@id\":\"http:\/\/damadianserviciodesalud.com\/?page_id=244\",\"url\":\"http:\/\/damadianserviciodesalud.com\/?page_id=244\",\"name\":\"EMERGENCIAS -\",\"isPartOf\":{\"@id\":\"https:\/\/damadianserviciodesalud.com\/#website\"},\"primaryImageOfPage\":{\"@id\":\"http:\/\/damadianserviciodesalud.com\/?page_id=244#primaryimage\"},\"image\":{\"@id\":\"http:\/\/damadianserviciodesalud.com\/?page_id=244#primaryimage\"},\"thumbnailUrl\":\"https:\/\/damadianserviciodesalud.com\/wp-content\/uploads\/2024\/11\/damadian-servicios-de-salud-4.png\",\"datePublished\":\"2024-11-18T22:01:59+00:00\",\"dateModified\":\"2024-12-06T22:38:37+00:00\",\"description\":\"Te encuentras atravesando una emergencia m\u00e9dica no te preocupes nosotros te damos la soluci\u00f3n que tu salud necesita\",\"breadcrumb\":{\"@id\":\"http:\/\/damadianserviciodesalud.com\/?page_id=244#breadcrumb\"},\"inLanguage\":\"es\",\"potentialAction\":[{\"@type\":\"ReadAction\",\"target\":[\"http:\/\/damadianserviciodesalud.com\/?page_id=244\"]}]},{\"@type\":\"ImageObject\",\"inLanguage\":\"es\",\"@id\":\"http:\/\/damadianserviciodesalud.com\/?page_id=244#primaryimage\",\"url\":\"https:\/\/damadianserviciodesalud.com\/wp-content\/uploads\/2024\/11\/damadian-servicios-de-salud-4.png\",\"contentUrl\":\"https:\/\/damadianserviciodesalud.com\/wp-content\/uploads\/2024\/11\/damadian-servicios-de-salud-4.png\",\"width\":360,\"height\":360,\"caption\":\"atencion-de-emergencias en-ecuador\"},{\"@type\":\"BreadcrumbList\",\"@id\":\"http:\/\/damadianserviciodesalud.com\/?page_id=244#breadcrumb\",\"itemListElement\":[{\"@type\":\"ListItem\",\"position\":1,\"name\":\"Home\",\"item\":\"https:\/\/damadianserviciodesalud.com\/\"},{\"@type\":\"ListItem\",\"position\":2,\"name\":\"servicio de emergencias\"}]},{\"@type\":\"WebSite\",\"@id\":\"https:\/\/damadianserviciodesalud.com\/#website\",\"url\":\"https:\/\/damadianserviciodesalud.com\/\",\"name\":\"\",\"description\":\"servicios de salud en san gabriel\",\"potentialAction\":[{\"@type\":\"SearchAction\",\"target\":{\"@type\":\"EntryPoint\",\"urlTemplate\":\"https:\/\/damadianserviciodesalud.com\/?s={search_term_string}\"},\"query-input\":{\"@type\":\"PropertyValueSpecification\",\"valueRequired\":true,\"valueName\":\"search_term_string\"}}],\"inLanguage\":\"es\"}]}<\/script>\n<!-- \/ Yoast SEO plugin. -->","yoast_head_json":{"title":"EMERGENCIAS -","description":"Te encuentras atravesando una emergencia m\u00e9dica no te preocupes nosotros te damos la soluci\u00f3n que tu salud necesita","robots":{"index":"index","follow":"follow","max-snippet":"max-snippet:-1","max-image-preview":"max-image-preview:large","max-video-preview":"max-video-preview:-1"},"canonical":"http:\/\/damadianserviciodesalud.com\/?page_id=244","og_locale":"es_ES","og_type":"article","og_title":"EMERGENCIAS -","og_description":"Te encuentras atravesando una emergencia m\u00e9dica no te preocupes nosotros te damos la soluci\u00f3n que tu salud necesita","og_url":"http:\/\/damadianserviciodesalud.com\/?page_id=244","article_modified_time":"2024-12-06T22:38:37+00:00","og_image":[{"width":360,"height":360,"url":"http:\/\/damadianserviciodesalud.com\/wp-content\/uploads\/2024\/11\/damadian-servicios-de-salud-4.png","type":"image\/png"}],"twitter_card":"summary_large_image","twitter_misc":{"Tiempo de lectura":"1 minuto"},"schema":{"@context":"https:\/\/schema.org","@graph":[{"@type":"WebPage","@id":"http:\/\/damadianserviciodesalud.com\/?page_id=244","url":"http:\/\/damadianserviciodesalud.com\/?page_id=244","name":"EMERGENCIAS -","isPartOf":{"@id":"https:\/\/damadianserviciodesalud.com\/#website"},"primaryImageOfPage":{"@id":"http:\/\/damadianserviciodesalud.com\/?page_id=244#primaryimage"},"image":{"@id":"http:\/\/damadianserviciodesalud.com\/?page_id=244#primaryimage"},"thumbnailUrl":"https:\/\/damadianserviciodesalud.com\/wp-content\/uploads\/2024\/11\/damadian-servicios-de-salud-4.png","datePublished":"2024-11-18T22:01:59+00:00","dateModified":"2024-12-06T22:38:37+00:00","description":"Te encuentras atravesando una emergencia m\u00e9dica no te preocupes nosotros te damos la soluci\u00f3n que tu salud necesita","breadcrumb":{"@id":"http:\/\/damadianserviciodesalud.com\/?page_id=244#breadcrumb"},"inLanguage":"es","potentialAction":[{"@type":"ReadAction","target":["http:\/\/damadianserviciodesalud.com\/?page_id=244"]}]},{"@type":"ImageObject","inLanguage":"es","@id":"http:\/\/damadianserviciodesalud.com\/?page_id=244#primaryimage","url":"https:\/\/damadianserviciodesalud.com\/wp-content\/uploads\/2024\/11\/damadian-servicios-de-salud-4.png","contentUrl":"https:\/\/damadianserviciodesalud.com\/wp-content\/uploads\/2024\/11\/damadian-servicios-de-salud-4.png","width":360,"height":360,"caption":"atencion-de-emergencias en-ecuador"},{"@type":"BreadcrumbList","@id":"http:\/\/damadianserviciodesalud.com\/?page_id=244#breadcrumb","itemListElement":[{"@type":"ListItem","position":1,"name":"Home","item":"https:\/\/damadianserviciodesalud.com\/"},{"@type":"ListItem","position":2,"name":"servicio de emergencias"}]},{"@type":"WebSite","@id":"https:\/\/damadianserviciodesalud.com\/#website","url":"https:\/\/damadianserviciodesalud.com\/","name":"","description":"servicios de salud en san gabriel","potentialAction":[{"@type":"SearchAction","target":{"@type":"EntryPoint","urlTemplate":"https:\/\/damadianserviciodesalud.com\/?s={search_term_string}"},"query-input":{"@type":"PropertyValueSpecification","valueRequired":true,"valueName":"search_term_string"}}],"inLanguage":"es"}]}},"_links":{"self":[{"href":"https:\/\/damadianserviciodesalud.com\/index.php?rest_route=\/wp\/v2\/pages\/244","targetHints":{"allow":["GET"]}}],"collection":[{"href":"https:\/\/damadianserviciodesalud.com\/index.php?rest_route=\/wp\/v2\/pages"}],"about":[{"href":"https:\/\/damadianserviciodesalud.com\/index.php?rest_route=\/wp\/v2\/types\/page"}],"author":[{"embeddable":true,"href":"https:\/\/damadianserviciodesalud.com\/index.php?rest_route=\/wp\/v2\/users\/1"}],"replies":[{"embeddable":true,"href":"https:\/\/damadianserviciodesalud.com\/index.php?rest_route=%2Fwp%2Fv2%2Fcomments&post=244"}],"version-history":[{"count":5,"href":"https:\/\/damadianserviciodesalud.com\/index.php?rest_route=\/wp\/v2\/pages\/244\/revisions"}],"predecessor-version":[{"id":836,"href":"https:\/\/damadianserviciodesalud.com\/index.php?rest_route=\/wp\/v2\/pages\/244\/revisions\/836"}],"wp:featuredmedia":[{"embeddable":true,"href":"https:\/\/damadianserviciodesalud.com\/index.php?rest_route=\/wp\/v2\/media\/188"}],"wp:attachment":[{"href":"https:\/\/damadianserviciodesalud.com\/index.php?rest_route=%2Fwp%2Fv2%2Fmedia&parent=244"}],"curies":[{"name":"wp","href":"https:\/\/api.w.org\/{rel}","templated":true}]}}